{"id":473,"date":"2022-10-13T14:23:46","date_gmt":"2022-10-13T12:23:46","guid":{"rendered":"https:\/\/xn--kieferorthopde-seelscheid-wec.de\/?page_id=473"},"modified":"2022-10-13T14:23:47","modified_gmt":"2022-10-13T12:23:47","slug":"retainer","status":"publish","type":"page","link":"https:\/\/kfoseelscheid.de\/?page_id=473","title":{"rendered":"RETAINER"},"content":{"rendered":"\n<p>Nach einer kieferorthop\u00e4dischen Behandlung ist es wichtig, die Z\u00e4hne in ihrer neuen Position zu stabilisieren. Eine Ver\u00e4nderung der Zahnposition kann auch im Erwachsenenalter noch eintreten.<\/p>\n\n\n\n<p>Ein Retainer ist ein graziler und unauff\u00e4lliger Draht, der am Ende einer kieferorthop\u00e4dischen Therapie hinter die Schneidez\u00e4hne geklebt werden kann. Auf diese Weise kann er die Position dieser Z\u00e4hne dauerhaft stabilisieren.<\/p>\n","protected":false},"excerpt":{"rendered":"<p>Nach einer kieferorthop\u00e4dischen Behandlung ist es wichtig, die Z\u00e4hne in ihrer neuen Position zu stabilisieren. Eine Ver\u00e4nderung der Zahnposition kann auch im Erwachsenenalter noch eintreten. Ein Retainer ist ein graziler und unauff\u00e4lliger Draht, der am Ende einer kieferorthop\u00e4dischen Therapie hinter die Schneidez\u00e4hne geklebt werden kann. Auf diese Weise kann er die Position dieser Z\u00e4hne dauerhaft&hellip;&nbsp;<a href=\"https:\/\/kfoseelscheid.de\/?page_id=473\" rel=\"bookmark\">Weiterlesen &raquo;<span class=\"screen-reader-text\">RETAINER<\/span><\/a><\/p>\n","protected":false},"author":1,"featured_media":0,"parent":0,"menu_order":0,"comment_status":"closed","ping_status":"closed","template":"","meta":{"neve_meta_sidebar":"","neve_meta_container":"","neve_meta_enable_content_width":"","neve_meta_content_width":0,"neve_meta_title_alignment":"","neve_meta_author_avatar":"","neve_post_elements_order":"","neve_meta_disable_header":"","neve_meta_disable_footer":"","neve_meta_disable_title":"","footnotes":""},"class_list":["post-473","page","type-page","status-publish","hentry"],"yoast_head":"<!-- This site is optimized with the Yoast SEO plugin v27.4 - https:\/\/yoast.com\/product\/yoast-seo-wordpress\/ -->\n<title>RETAINER - Kieferorthop\u00e4die Seelscheid<\/title>\n<meta name=\"robots\" content=\"index, follow, max-snippet:-1, max-image-preview:large, max-video-preview:-1\" \/>\n<link rel=\"canonical\" href=\"https:\/\/kfoseelscheid.de\/?page_id=473\" \/>\n<meta property=\"og:locale\" content=\"de_DE\" \/>\n<meta property=\"og:type\" content=\"article\" \/>\n<meta property=\"og:title\" content=\"RETAINER - Kieferorthop\u00e4die Seelscheid\" \/>\n<meta property=\"og:description\" content=\"Nach einer kieferorthop\u00e4dischen Behandlung ist es wichtig, die Z\u00e4hne in ihrer neuen Position zu stabilisieren. Eine Ver\u00e4nderung der Zahnposition kann auch im Erwachsenenalter noch eintreten. Ein Retainer ist ein graziler und unauff\u00e4lliger Draht, der am Ende einer kieferorthop\u00e4dischen Therapie hinter die Schneidez\u00e4hne geklebt werden kann. Auf diese Weise kann er die Position dieser Z\u00e4hne dauerhaft&hellip;&nbsp;Weiterlesen &raquo;RETAINER\" \/>\n<meta property=\"og:url\" content=\"https:\/\/kfoseelscheid.de\/?page_id=473\" \/>\n<meta property=\"og:site_name\" content=\"Kieferorthop\u00e4die Seelscheid\" \/>\n<meta property=\"article:modified_time\" content=\"2022-10-13T12:23:47+00:00\" \/>\n<meta name=\"twitter:card\" content=\"summary_large_image\" \/>\n<script type=\"application\/ld+json\" class=\"yoast-schema-graph\">{\"@context\":\"https:\\\/\\\/schema.org\",\"@graph\":[{\"@type\":\"WebPage\",\"@id\":\"https:\\\/\\\/kfoseelscheid.de\\\/?page_id=473\",\"url\":\"https:\\\/\\\/kfoseelscheid.de\\\/?page_id=473\",\"name\":\"RETAINER - Kieferorthop\u00e4die Seelscheid\",\"isPartOf\":{\"@id\":\"https:\\\/\\\/kfoseelscheid.de\\\/#website\"},\"datePublished\":\"2022-10-13T12:23:46+00:00\",\"dateModified\":\"2022-10-13T12:23:47+00:00\",\"breadcrumb\":{\"@id\":\"https:\\\/\\\/kfoseelscheid.de\\\/?page_id=473#breadcrumb\"},\"inLanguage\":\"de\",\"potentialAction\":[{\"@type\":\"ReadAction\",\"target\":[\"https:\\\/\\\/kfoseelscheid.de\\\/?page_id=473\"]}]},{\"@type\":\"BreadcrumbList\",\"@id\":\"https:\\\/\\\/kfoseelscheid.de\\\/?page_id=473#breadcrumb\",\"itemListElement\":[{\"@type\":\"ListItem\",\"position\":1,\"name\":\"Start\",\"item\":\"https:\\\/\\\/kfoseelscheid.de\\\/\"},{\"@type\":\"ListItem\",\"position\":2,\"name\":\"RETAINER\"}]},{\"@type\":\"WebSite\",\"@id\":\"https:\\\/\\\/kfoseelscheid.de\\\/#website\",\"url\":\"https:\\\/\\\/kfoseelscheid.de\\\/\",\"name\":\"Kieferorthop\u00e4die Seelscheid\",\"description\":\"Kieferorthop\u00e4die in Seelscheid\",\"publisher\":{\"@id\":\"https:\\\/\\\/kfoseelscheid.de\\\/#organization\"},\"potentialAction\":[{\"@type\":\"SearchAction\",\"target\":{\"@type\":\"EntryPoint\",\"urlTemplate\":\"https:\\\/\\\/kfoseelscheid.de\\\/?s={search_term_string}\"},\"query-input\":{\"@type\":\"PropertyValueSpecification\",\"valueRequired\":true,\"valueName\":\"search_term_string\"}}],\"inLanguage\":\"de\"},{\"@type\":\"Organization\",\"@id\":\"https:\\\/\\\/kfoseelscheid.de\\\/#organization\",\"name\":\"Kieferorthop\u00e4die Seelscheid\",\"url\":\"https:\\\/\\\/kfoseelscheid.de\\\/\",\"logo\":{\"@type\":\"ImageObject\",\"inLanguage\":\"de\",\"@id\":\"https:\\\/\\\/kfoseelscheid.de\\\/#\\\/schema\\\/logo\\\/image\\\/\",\"url\":\"https:\\\/\\\/kfoseelscheid.de\\\/wp-content\\\/uploads\\\/2020\\\/12\\\/web-agency-logo-3.png\",\"contentUrl\":\"https:\\\/\\\/kfoseelscheid.de\\\/wp-content\\\/uploads\\\/2020\\\/12\\\/web-agency-logo-3.png\",\"width\":200,\"height\":200,\"caption\":\"Kieferorthop\u00e4die Seelscheid\"},\"image\":{\"@id\":\"https:\\\/\\\/kfoseelscheid.de\\\/#\\\/schema\\\/logo\\\/image\\\/\"}}]}<\/script>\n<!-- \/ Yoast SEO plugin. -->","yoast_head_json":{"title":"RETAINER - Kieferorthop\u00e4die Seelscheid","robots":{"index":"index","follow":"follow","max-snippet":"max-snippet:-1","max-image-preview":"max-image-preview:large","max-video-preview":"max-video-preview:-1"},"canonical":"https:\/\/kfoseelscheid.de\/?page_id=473","og_locale":"de_DE","og_type":"article","og_title":"RETAINER - Kieferorthop\u00e4die Seelscheid","og_description":"Nach einer kieferorthop\u00e4dischen Behandlung ist es wichtig, die Z\u00e4hne in ihrer neuen Position zu stabilisieren. Eine Ver\u00e4nderung der Zahnposition kann auch im Erwachsenenalter noch eintreten. Ein Retainer ist ein graziler und unauff\u00e4lliger Draht, der am Ende einer kieferorthop\u00e4dischen Therapie hinter die Schneidez\u00e4hne geklebt werden kann. Auf diese Weise kann er die Position dieser Z\u00e4hne dauerhaft&hellip;&nbsp;Weiterlesen &raquo;RETAINER","og_url":"https:\/\/kfoseelscheid.de\/?page_id=473","og_site_name":"Kieferorthop\u00e4die Seelscheid","article_modified_time":"2022-10-13T12:23:47+00:00","twitter_card":"summary_large_image","schema":{"@context":"https:\/\/schema.org","@graph":[{"@type":"WebPage","@id":"https:\/\/kfoseelscheid.de\/?page_id=473","url":"https:\/\/kfoseelscheid.de\/?page_id=473","name":"RETAINER - Kieferorthop\u00e4die Seelscheid","isPartOf":{"@id":"https:\/\/kfoseelscheid.de\/#website"},"datePublished":"2022-10-13T12:23:46+00:00","dateModified":"2022-10-13T12:23:47+00:00","breadcrumb":{"@id":"https:\/\/kfoseelscheid.de\/?page_id=473#breadcrumb"},"inLanguage":"de","potentialAction":[{"@type":"ReadAction","target":["https:\/\/kfoseelscheid.de\/?page_id=473"]}]},{"@type":"BreadcrumbList","@id":"https:\/\/kfoseelscheid.de\/?page_id=473#breadcrumb","itemListElement":[{"@type":"ListItem","position":1,"name":"Start","item":"https:\/\/kfoseelscheid.de\/"},{"@type":"ListItem","position":2,"name":"RETAINER"}]},{"@type":"WebSite","@id":"https:\/\/kfoseelscheid.de\/#website","url":"https:\/\/kfoseelscheid.de\/","name":"Kieferorthop\u00e4die Seelscheid","description":"Kieferorthop\u00e4die in Seelscheid","publisher":{"@id":"https:\/\/kfoseelscheid.de\/#organization"},"potentialAction":[{"@type":"SearchAction","target":{"@type":"EntryPoint","urlTemplate":"https:\/\/kfoseelscheid.de\/?s={search_term_string}"},"query-input":{"@type":"PropertyValueSpecification","valueRequired":true,"valueName":"search_term_string"}}],"inLanguage":"de"},{"@type":"Organization","@id":"https:\/\/kfoseelscheid.de\/#organization","name":"Kieferorthop\u00e4die Seelscheid","url":"https:\/\/kfoseelscheid.de\/","logo":{"@type":"ImageObject","inLanguage":"de","@id":"https:\/\/kfoseelscheid.de\/#\/schema\/logo\/image\/","url":"https:\/\/kfoseelscheid.de\/wp-content\/uploads\/2020\/12\/web-agency-logo-3.png","contentUrl":"https:\/\/kfoseelscheid.de\/wp-content\/uploads\/2020\/12\/web-agency-logo-3.png","width":200,"height":200,"caption":"Kieferorthop\u00e4die Seelscheid"},"image":{"@id":"https:\/\/kfoseelscheid.de\/#\/schema\/logo\/image\/"}}]}},"_links":{"self":[{"href":"https:\/\/kfoseelscheid.de\/index.php?rest_route=\/wp\/v2\/pages\/473","targetHints":{"allow":["GET"]}}],"collection":[{"href":"https:\/\/kfoseelscheid.de\/index.php?rest_route=\/wp\/v2\/pages"}],"about":[{"href":"https:\/\/kfoseelscheid.de\/index.php?rest_route=\/wp\/v2\/types\/page"}],"author":[{"embeddable":true,"href":"https:\/\/kfoseelscheid.de\/index.php?rest_route=\/wp\/v2\/users\/1"}],"replies":[{"embeddable":true,"href":"https:\/\/kfoseelscheid.de\/index.php?rest_route=%2Fwp%2Fv2%2Fcomments&post=473"}],"version-history":[{"count":1,"href":"https:\/\/kfoseelscheid.de\/index.php?rest_route=\/wp\/v2\/pages\/473\/revisions"}],"predecessor-version":[{"id":474,"href":"https:\/\/kfoseelscheid.de\/index.php?rest_route=\/wp\/v2\/pages\/473\/revisions\/474"}],"wp:attachment":[{"href":"https:\/\/kfoseelscheid.de\/index.php?rest_route=%2Fwp%2Fv2%2Fmedia&parent=473"}],"curies":[{"name":"wp","href":"https:\/\/api.w.org\/{rel}","templated":true}]}}