{"id":469,"date":"2022-10-13T14:23:19","date_gmt":"2022-10-13T12:23:19","guid":{"rendered":"https:\/\/xn--kieferorthopde-seelscheid-wec.de\/?page_id=469"},"modified":"2022-10-13T14:23:19","modified_gmt":"2022-10-13T12:23:19","slug":"kariesschutz","status":"publish","type":"page","link":"https:\/\/kfoseelscheid.de\/?page_id=469","title":{"rendered":"KARIESSCHUTZ"},"content":{"rendered":"\n<figure class=\"wp-block-image\"><img decoding=\"async\" src=\"https:\/\/kfoseelscheid.de\/wp-content\/uploads\/2016\/08\/karies-1024x1024.jpg\" alt=\"\"\/><\/figure>\n\n\n\n<p>Die gr\u00f6\u00dftm\u00f6gliche Pr\u00e4vention vor Zahnsch\u00e4den im nahen Umfeld der festen Zahnspange stellt f\u00fcr uns eine sehr hohe Priorit\u00e4t dar. Es ist uns besonders wichtig, dass die Z\u00e4hne im Rahmen der kieferorthop\u00e4dischen Therapie keine Sch\u00e4den erleiden.<\/p>\n\n\n\n<p>\u2013 Nur dann kann Kieferorthop\u00e4die sinnvoll sein!<\/p>\n\n\n\n<p>Da es in Folge der Zahnspangenbehandlung zur erschwerten Reinigung der Zahnfl\u00e4chen um die kieferorthop\u00e4dische Apparatur herum kommt, benutzen wir auf Wunsch hochwertige Befestigungssysteme f\u00fcr die Zahnspange, die gleichzeitig auch eine Schutzversiegelung der kritischen Zahnfl\u00e4chen an den Bracketkontaktpunkten gew\u00e4hrleistet.<\/p>\n\n\n\n<p>In enger Zusammenarbeit mit dem Zahnarzt bieten wir ihnen im Vorfeld ein auf die anstehende Behandlung abgestimmtes Konzept zum Zahnschutz an.<\/p>\n","protected":false},"excerpt":{"rendered":"<p>Die gr\u00f6\u00dftm\u00f6gliche Pr\u00e4vention vor Zahnsch\u00e4den im nahen Umfeld der festen Zahnspange stellt f\u00fcr uns eine sehr hohe Priorit\u00e4t dar. Es ist uns besonders wichtig, dass die Z\u00e4hne im Rahmen der kieferorthop\u00e4dischen Therapie keine Sch\u00e4den erleiden. \u2013 Nur dann kann Kieferorthop\u00e4die sinnvoll sein! Da es in Folge der Zahnspangenbehandlung zur erschwerten Reinigung der Zahnfl\u00e4chen um die&hellip;&nbsp;<a href=\"https:\/\/kfoseelscheid.de\/?page_id=469\" rel=\"bookmark\">Weiterlesen &raquo;<span class=\"screen-reader-text\">KARIESSCHUTZ<\/span><\/a><\/p>\n","protected":false},"author":1,"featured_media":0,"parent":0,"menu_order":0,"comment_status":"closed","ping_status":"closed","template":"","meta":{"neve_meta_sidebar":"","neve_meta_container":"","neve_meta_enable_content_width":"","neve_meta_content_width":0,"neve_meta_title_alignment":"","neve_meta_author_avatar":"","neve_post_elements_order":"","neve_meta_disable_header":"","neve_meta_disable_footer":"","neve_meta_disable_title":"","footnotes":""},"class_list":["post-469","page","type-page","status-publish","hentry"],"yoast_head":"<!-- This site is optimized with the Yoast SEO plugin v27.4 - https:\/\/yoast.com\/product\/yoast-seo-wordpress\/ -->\n<title>KARIESSCHUTZ - Kieferorthop\u00e4die Seelscheid<\/title>\n<meta name=\"robots\" content=\"index, follow, max-snippet:-1, max-image-preview:large, max-video-preview:-1\" \/>\n<link rel=\"canonical\" href=\"https:\/\/kfoseelscheid.de\/?page_id=469\" \/>\n<meta property=\"og:locale\" content=\"de_DE\" \/>\n<meta property=\"og:type\" content=\"article\" \/>\n<meta property=\"og:title\" content=\"KARIESSCHUTZ - Kieferorthop\u00e4die Seelscheid\" \/>\n<meta property=\"og:description\" content=\"Die gr\u00f6\u00dftm\u00f6gliche Pr\u00e4vention vor Zahnsch\u00e4den im nahen Umfeld der festen Zahnspange stellt f\u00fcr uns eine sehr hohe Priorit\u00e4t dar. Es ist uns besonders wichtig, dass die Z\u00e4hne im Rahmen der kieferorthop\u00e4dischen Therapie keine Sch\u00e4den erleiden. \u2013 Nur dann kann Kieferorthop\u00e4die sinnvoll sein! Da es in Folge der Zahnspangenbehandlung zur erschwerten Reinigung der Zahnfl\u00e4chen um die&hellip;&nbsp;Weiterlesen &raquo;KARIESSCHUTZ\" \/>\n<meta property=\"og:url\" content=\"https:\/\/kfoseelscheid.de\/?page_id=469\" \/>\n<meta property=\"og:site_name\" content=\"Kieferorthop\u00e4die Seelscheid\" \/>\n<meta property=\"og:image\" content=\"https:\/\/kfoseelscheid.de\/wp-content\/uploads\/2016\/08\/karies-1024x1024.jpg\" \/>\n<meta name=\"twitter:card\" content=\"summary_large_image\" \/>\n<meta name=\"twitter:label1\" content=\"Gesch\u00e4tzte Lesezeit\" \/>\n\t<meta name=\"twitter:data1\" content=\"1\u00a0Minute\" \/>\n<script type=\"application\/ld+json\" class=\"yoast-schema-graph\">{\"@context\":\"https:\\\/\\\/schema.org\",\"@graph\":[{\"@type\":\"WebPage\",\"@id\":\"https:\\\/\\\/kfoseelscheid.de\\\/?page_id=469\",\"url\":\"https:\\\/\\\/kfoseelscheid.de\\\/?page_id=469\",\"name\":\"KARIESSCHUTZ - Kieferorthop\u00e4die Seelscheid\",\"isPartOf\":{\"@id\":\"https:\\\/\\\/kfoseelscheid.de\\\/#website\"},\"primaryImageOfPage\":{\"@id\":\"https:\\\/\\\/kfoseelscheid.de\\\/?page_id=469#primaryimage\"},\"image\":{\"@id\":\"https:\\\/\\\/kfoseelscheid.de\\\/?page_id=469#primaryimage\"},\"thumbnailUrl\":\"https:\\\/\\\/kfoseelscheid.de\\\/wp-content\\\/uploads\\\/2016\\\/08\\\/karies-1024x1024.jpg\",\"datePublished\":\"2022-10-13T12:23:19+00:00\",\"breadcrumb\":{\"@id\":\"https:\\\/\\\/kfoseelscheid.de\\\/?page_id=469#breadcrumb\"},\"inLanguage\":\"de\",\"potentialAction\":[{\"@type\":\"ReadAction\",\"target\":[\"https:\\\/\\\/kfoseelscheid.de\\\/?page_id=469\"]}]},{\"@type\":\"ImageObject\",\"inLanguage\":\"de\",\"@id\":\"https:\\\/\\\/kfoseelscheid.de\\\/?page_id=469#primaryimage\",\"url\":\"https:\\\/\\\/kfoseelscheid.de\\\/wp-content\\\/uploads\\\/2016\\\/08\\\/karies-1024x1024.jpg\",\"contentUrl\":\"https:\\\/\\\/kfoseelscheid.de\\\/wp-content\\\/uploads\\\/2016\\\/08\\\/karies-1024x1024.jpg\"},{\"@type\":\"BreadcrumbList\",\"@id\":\"https:\\\/\\\/kfoseelscheid.de\\\/?page_id=469#breadcrumb\",\"itemListElement\":[{\"@type\":\"ListItem\",\"position\":1,\"name\":\"Start\",\"item\":\"https:\\\/\\\/kfoseelscheid.de\\\/\"},{\"@type\":\"ListItem\",\"position\":2,\"name\":\"KARIESSCHUTZ\"}]},{\"@type\":\"WebSite\",\"@id\":\"https:\\\/\\\/kfoseelscheid.de\\\/#website\",\"url\":\"https:\\\/\\\/kfoseelscheid.de\\\/\",\"name\":\"Kieferorthop\u00e4die Seelscheid\",\"description\":\"Kieferorthop\u00e4die in Seelscheid\",\"publisher\":{\"@id\":\"https:\\\/\\\/kfoseelscheid.de\\\/#organization\"},\"potentialAction\":[{\"@type\":\"SearchAction\",\"target\":{\"@type\":\"EntryPoint\",\"urlTemplate\":\"https:\\\/\\\/kfoseelscheid.de\\\/?s={search_term_string}\"},\"query-input\":{\"@type\":\"PropertyValueSpecification\",\"valueRequired\":true,\"valueName\":\"search_term_string\"}}],\"inLanguage\":\"de\"},{\"@type\":\"Organization\",\"@id\":\"https:\\\/\\\/kfoseelscheid.de\\\/#organization\",\"name\":\"Kieferorthop\u00e4die Seelscheid\",\"url\":\"https:\\\/\\\/kfoseelscheid.de\\\/\",\"logo\":{\"@type\":\"ImageObject\",\"inLanguage\":\"de\",\"@id\":\"https:\\\/\\\/kfoseelscheid.de\\\/#\\\/schema\\\/logo\\\/image\\\/\",\"url\":\"https:\\\/\\\/kfoseelscheid.de\\\/wp-content\\\/uploads\\\/2020\\\/12\\\/web-agency-logo-3.png\",\"contentUrl\":\"https:\\\/\\\/kfoseelscheid.de\\\/wp-content\\\/uploads\\\/2020\\\/12\\\/web-agency-logo-3.png\",\"width\":200,\"height\":200,\"caption\":\"Kieferorthop\u00e4die Seelscheid\"},\"image\":{\"@id\":\"https:\\\/\\\/kfoseelscheid.de\\\/#\\\/schema\\\/logo\\\/image\\\/\"}}]}<\/script>\n<!-- \/ Yoast SEO plugin. -->","yoast_head_json":{"title":"KARIESSCHUTZ - Kieferorthop\u00e4die Seelscheid","robots":{"index":"index","follow":"follow","max-snippet":"max-snippet:-1","max-image-preview":"max-image-preview:large","max-video-preview":"max-video-preview:-1"},"canonical":"https:\/\/kfoseelscheid.de\/?page_id=469","og_locale":"de_DE","og_type":"article","og_title":"KARIESSCHUTZ - Kieferorthop\u00e4die Seelscheid","og_description":"Die gr\u00f6\u00dftm\u00f6gliche Pr\u00e4vention vor Zahnsch\u00e4den im nahen Umfeld der festen Zahnspange stellt f\u00fcr uns eine sehr hohe Priorit\u00e4t dar. Es ist uns besonders wichtig, dass die Z\u00e4hne im Rahmen der kieferorthop\u00e4dischen Therapie keine Sch\u00e4den erleiden. \u2013 Nur dann kann Kieferorthop\u00e4die sinnvoll sein! Da es in Folge der Zahnspangenbehandlung zur erschwerten Reinigung der Zahnfl\u00e4chen um die&hellip;&nbsp;Weiterlesen &raquo;KARIESSCHUTZ","og_url":"https:\/\/kfoseelscheid.de\/?page_id=469","og_site_name":"Kieferorthop\u00e4die Seelscheid","og_image":[{"url":"https:\/\/kfoseelscheid.de\/wp-content\/uploads\/2016\/08\/karies-1024x1024.jpg","type":"","width":"","height":""}],"twitter_card":"summary_large_image","twitter_misc":{"Gesch\u00e4tzte Lesezeit":"1\u00a0Minute"},"schema":{"@context":"https:\/\/schema.org","@graph":[{"@type":"WebPage","@id":"https:\/\/kfoseelscheid.de\/?page_id=469","url":"https:\/\/kfoseelscheid.de\/?page_id=469","name":"KARIESSCHUTZ - Kieferorthop\u00e4die Seelscheid","isPartOf":{"@id":"https:\/\/kfoseelscheid.de\/#website"},"primaryImageOfPage":{"@id":"https:\/\/kfoseelscheid.de\/?page_id=469#primaryimage"},"image":{"@id":"https:\/\/kfoseelscheid.de\/?page_id=469#primaryimage"},"thumbnailUrl":"https:\/\/kfoseelscheid.de\/wp-content\/uploads\/2016\/08\/karies-1024x1024.jpg","datePublished":"2022-10-13T12:23:19+00:00","breadcrumb":{"@id":"https:\/\/kfoseelscheid.de\/?page_id=469#breadcrumb"},"inLanguage":"de","potentialAction":[{"@type":"ReadAction","target":["https:\/\/kfoseelscheid.de\/?page_id=469"]}]},{"@type":"ImageObject","inLanguage":"de","@id":"https:\/\/kfoseelscheid.de\/?page_id=469#primaryimage","url":"https:\/\/kfoseelscheid.de\/wp-content\/uploads\/2016\/08\/karies-1024x1024.jpg","contentUrl":"https:\/\/kfoseelscheid.de\/wp-content\/uploads\/2016\/08\/karies-1024x1024.jpg"},{"@type":"BreadcrumbList","@id":"https:\/\/kfoseelscheid.de\/?page_id=469#breadcrumb","itemListElement":[{"@type":"ListItem","position":1,"name":"Start","item":"https:\/\/kfoseelscheid.de\/"},{"@type":"ListItem","position":2,"name":"KARIESSCHUTZ"}]},{"@type":"WebSite","@id":"https:\/\/kfoseelscheid.de\/#website","url":"https:\/\/kfoseelscheid.de\/","name":"Kieferorthop\u00e4die Seelscheid","description":"Kieferorthop\u00e4die in Seelscheid","publisher":{"@id":"https:\/\/kfoseelscheid.de\/#organization"},"potentialAction":[{"@type":"SearchAction","target":{"@type":"EntryPoint","urlTemplate":"https:\/\/kfoseelscheid.de\/?s={search_term_string}"},"query-input":{"@type":"PropertyValueSpecification","valueRequired":true,"valueName":"search_term_string"}}],"inLanguage":"de"},{"@type":"Organization","@id":"https:\/\/kfoseelscheid.de\/#organization","name":"Kieferorthop\u00e4die Seelscheid","url":"https:\/\/kfoseelscheid.de\/","logo":{"@type":"ImageObject","inLanguage":"de","@id":"https:\/\/kfoseelscheid.de\/#\/schema\/logo\/image\/","url":"https:\/\/kfoseelscheid.de\/wp-content\/uploads\/2020\/12\/web-agency-logo-3.png","contentUrl":"https:\/\/kfoseelscheid.de\/wp-content\/uploads\/2020\/12\/web-agency-logo-3.png","width":200,"height":200,"caption":"Kieferorthop\u00e4die Seelscheid"},"image":{"@id":"https:\/\/kfoseelscheid.de\/#\/schema\/logo\/image\/"}}]}},"_links":{"self":[{"href":"https:\/\/kfoseelscheid.de\/index.php?rest_route=\/wp\/v2\/pages\/469","targetHints":{"allow":["GET"]}}],"collection":[{"href":"https:\/\/kfoseelscheid.de\/index.php?rest_route=\/wp\/v2\/pages"}],"about":[{"href":"https:\/\/kfoseelscheid.de\/index.php?rest_route=\/wp\/v2\/types\/page"}],"author":[{"embeddable":true,"href":"https:\/\/kfoseelscheid.de\/index.php?rest_route=\/wp\/v2\/users\/1"}],"replies":[{"embeddable":true,"href":"https:\/\/kfoseelscheid.de\/index.php?rest_route=%2Fwp%2Fv2%2Fcomments&post=469"}],"version-history":[{"count":1,"href":"https:\/\/kfoseelscheid.de\/index.php?rest_route=\/wp\/v2\/pages\/469\/revisions"}],"predecessor-version":[{"id":470,"href":"https:\/\/kfoseelscheid.de\/index.php?rest_route=\/wp\/v2\/pages\/469\/revisions\/470"}],"wp:attachment":[{"href":"https:\/\/kfoseelscheid.de\/index.php?rest_route=%2Fwp%2Fv2%2Fmedia&parent=469"}],"curies":[{"name":"wp","href":"https:\/\/api.w.org\/{rel}","templated":true}]}}