{"id":467,"date":"2022-10-13T14:22:59","date_gmt":"2022-10-13T12:22:59","guid":{"rendered":"https:\/\/xn--kieferorthopde-seelscheid-wec.de\/?page_id=467"},"modified":"2022-10-13T14:22:59","modified_gmt":"2022-10-13T12:22:59","slug":"praeprothetische-kieferorthopaedie%ef%bf%bc","status":"publish","type":"page","link":"https:\/\/kfoseelscheid.de\/?page_id=467","title":{"rendered":"PR\u00c4PROTHETISCHE KIEFERORTHOP\u00c4DIE\ufffc"},"content":{"rendered":"\n<figure class=\"wp-block-image\"><img decoding=\"async\" src=\"https:\/\/kfoseelscheid.de\/wp-content\/uploads\/2016\/09\/Pr%C3%A4prothetik-e1479045348148-300x300.jpg\" alt=\"\"\/><\/figure>\n\n\n\n<p>In einigen F\u00e4llen ist es sehr hilfreich oder gar notwendig vor der Anfertigung einer Br\u00fccke oder eines Implantates einzelne Z\u00e4hne aufzurichten. Vielfach kann man dies mit kleinem Aufwand und in der Regel unsichtbar mit einer festen oder herausnehmbaren Zahnspange korrigieren, sodass die M\u00f6glichkeit f\u00fcr eine optimale zahn\u00e4rztliche Versorgung vorbereitet werden kann. Wir erarbeiten hier in enger Abstimmung mit dem behandelnden Zahnarzt ein geeignetes Konzept. Wir beraten Sie gerne!<\/p>\n","protected":false},"excerpt":{"rendered":"<p>In einigen F\u00e4llen ist es sehr hilfreich oder gar notwendig vor der Anfertigung einer Br\u00fccke oder eines Implantates einzelne Z\u00e4hne aufzurichten. Vielfach kann man dies mit kleinem Aufwand und in der Regel unsichtbar mit einer festen oder herausnehmbaren Zahnspange korrigieren, sodass die M\u00f6glichkeit f\u00fcr eine optimale zahn\u00e4rztliche Versorgung vorbereitet werden kann. Wir erarbeiten hier in&hellip;&nbsp;<a href=\"https:\/\/kfoseelscheid.de\/?page_id=467\" rel=\"bookmark\">Weiterlesen &raquo;<span class=\"screen-reader-text\">PR\u00c4PROTHETISCHE KIEFERORTHOP\u00c4DIE\ufffc<\/span><\/a><\/p>\n","protected":false},"author":1,"featured_media":0,"parent":0,"menu_order":0,"comment_status":"closed","ping_status":"closed","template":"","meta":{"neve_meta_sidebar":"","neve_meta_container":"","neve_meta_enable_content_width":"","neve_meta_content_width":0,"neve_meta_title_alignment":"","neve_meta_author_avatar":"","neve_post_elements_order":"","neve_meta_disable_header":"","neve_meta_disable_footer":"","neve_meta_disable_title":"","footnotes":""},"class_list":["post-467","page","type-page","status-publish","hentry"],"yoast_head":"<!-- This site is optimized with the Yoast SEO plugin v27.4 - https:\/\/yoast.com\/product\/yoast-seo-wordpress\/ -->\n<title>PR\u00c4PROTHETISCHE KIEFERORTHOP\u00c4DIE\ufffc - Kieferorthop\u00e4die Seelscheid<\/title>\n<meta name=\"robots\" content=\"index, follow, max-snippet:-1, max-image-preview:large, max-video-preview:-1\" \/>\n<link rel=\"canonical\" href=\"https:\/\/kfoseelscheid.de\/?page_id=467\" \/>\n<meta property=\"og:locale\" content=\"de_DE\" \/>\n<meta property=\"og:type\" content=\"article\" \/>\n<meta property=\"og:title\" content=\"PR\u00c4PROTHETISCHE KIEFERORTHOP\u00c4DIE\ufffc - Kieferorthop\u00e4die Seelscheid\" \/>\n<meta property=\"og:description\" content=\"In einigen F\u00e4llen ist es sehr hilfreich oder gar notwendig vor der Anfertigung einer Br\u00fccke oder eines Implantates einzelne Z\u00e4hne aufzurichten. Vielfach kann man dies mit kleinem Aufwand und in der Regel unsichtbar mit einer festen oder herausnehmbaren Zahnspange korrigieren, sodass die M\u00f6glichkeit f\u00fcr eine optimale zahn\u00e4rztliche Versorgung vorbereitet werden kann. Wir erarbeiten hier in&hellip;&nbsp;Weiterlesen &raquo;PR\u00c4PROTHETISCHE KIEFERORTHOP\u00c4DIE\ufffc\" \/>\n<meta property=\"og:url\" content=\"https:\/\/kfoseelscheid.de\/?page_id=467\" \/>\n<meta property=\"og:site_name\" content=\"Kieferorthop\u00e4die Seelscheid\" \/>\n<meta property=\"og:image\" content=\"https:\/\/kfoseelscheid.de\/wp-content\/uploads\/2016\/09\/Pr%C3%A4prothetik-e1479045348148-300x300.jpg\" \/>\n<meta name=\"twitter:card\" content=\"summary_large_image\" \/>\n<script type=\"application\/ld+json\" class=\"yoast-schema-graph\">{\"@context\":\"https:\\\/\\\/schema.org\",\"@graph\":[{\"@type\":\"WebPage\",\"@id\":\"https:\\\/\\\/kfoseelscheid.de\\\/?page_id=467\",\"url\":\"https:\\\/\\\/kfoseelscheid.de\\\/?page_id=467\",\"name\":\"PR\u00c4PROTHETISCHE KIEFERORTHOP\u00c4DIE\ufffc - Kieferorthop\u00e4die Seelscheid\",\"isPartOf\":{\"@id\":\"https:\\\/\\\/kfoseelscheid.de\\\/#website\"},\"primaryImageOfPage\":{\"@id\":\"https:\\\/\\\/kfoseelscheid.de\\\/?page_id=467#primaryimage\"},\"image\":{\"@id\":\"https:\\\/\\\/kfoseelscheid.de\\\/?page_id=467#primaryimage\"},\"thumbnailUrl\":\"https:\\\/\\\/kfoseelscheid.de\\\/wp-content\\\/uploads\\\/2016\\\/09\\\/Pr%C3%A4prothetik-e1479045348148-300x300.jpg\",\"datePublished\":\"2022-10-13T12:22:59+00:00\",\"breadcrumb\":{\"@id\":\"https:\\\/\\\/kfoseelscheid.de\\\/?page_id=467#breadcrumb\"},\"inLanguage\":\"de\",\"potentialAction\":[{\"@type\":\"ReadAction\",\"target\":[\"https:\\\/\\\/kfoseelscheid.de\\\/?page_id=467\"]}]},{\"@type\":\"ImageObject\",\"inLanguage\":\"de\",\"@id\":\"https:\\\/\\\/kfoseelscheid.de\\\/?page_id=467#primaryimage\",\"url\":\"https:\\\/\\\/kfoseelscheid.de\\\/wp-content\\\/uploads\\\/2016\\\/09\\\/Pr%C3%A4prothetik-e1479045348148-300x300.jpg\",\"contentUrl\":\"https:\\\/\\\/kfoseelscheid.de\\\/wp-content\\\/uploads\\\/2016\\\/09\\\/Pr%C3%A4prothetik-e1479045348148-300x300.jpg\"},{\"@type\":\"BreadcrumbList\",\"@id\":\"https:\\\/\\\/kfoseelscheid.de\\\/?page_id=467#breadcrumb\",\"itemListElement\":[{\"@type\":\"ListItem\",\"position\":1,\"name\":\"Start\",\"item\":\"https:\\\/\\\/kfoseelscheid.de\\\/\"},{\"@type\":\"ListItem\",\"position\":2,\"name\":\"PR\u00c4PROTHETISCHE KIEFERORTHOP\u00c4DIE\ufffc\"}]},{\"@type\":\"WebSite\",\"@id\":\"https:\\\/\\\/kfoseelscheid.de\\\/#website\",\"url\":\"https:\\\/\\\/kfoseelscheid.de\\\/\",\"name\":\"Kieferorthop\u00e4die Seelscheid\",\"description\":\"Kieferorthop\u00e4die in Seelscheid\",\"publisher\":{\"@id\":\"https:\\\/\\\/kfoseelscheid.de\\\/#organization\"},\"potentialAction\":[{\"@type\":\"SearchAction\",\"target\":{\"@type\":\"EntryPoint\",\"urlTemplate\":\"https:\\\/\\\/kfoseelscheid.de\\\/?s={search_term_string}\"},\"query-input\":{\"@type\":\"PropertyValueSpecification\",\"valueRequired\":true,\"valueName\":\"search_term_string\"}}],\"inLanguage\":\"de\"},{\"@type\":\"Organization\",\"@id\":\"https:\\\/\\\/kfoseelscheid.de\\\/#organization\",\"name\":\"Kieferorthop\u00e4die Seelscheid\",\"url\":\"https:\\\/\\\/kfoseelscheid.de\\\/\",\"logo\":{\"@type\":\"ImageObject\",\"inLanguage\":\"de\",\"@id\":\"https:\\\/\\\/kfoseelscheid.de\\\/#\\\/schema\\\/logo\\\/image\\\/\",\"url\":\"https:\\\/\\\/kfoseelscheid.de\\\/wp-content\\\/uploads\\\/2020\\\/12\\\/web-agency-logo-3.png\",\"contentUrl\":\"https:\\\/\\\/kfoseelscheid.de\\\/wp-content\\\/uploads\\\/2020\\\/12\\\/web-agency-logo-3.png\",\"width\":200,\"height\":200,\"caption\":\"Kieferorthop\u00e4die Seelscheid\"},\"image\":{\"@id\":\"https:\\\/\\\/kfoseelscheid.de\\\/#\\\/schema\\\/logo\\\/image\\\/\"}}]}<\/script>\n<!-- \/ Yoast SEO plugin. -->","yoast_head_json":{"title":"PR\u00c4PROTHETISCHE KIEFERORTHOP\u00c4DIE\ufffc - Kieferorthop\u00e4die Seelscheid","robots":{"index":"index","follow":"follow","max-snippet":"max-snippet:-1","max-image-preview":"max-image-preview:large","max-video-preview":"max-video-preview:-1"},"canonical":"https:\/\/kfoseelscheid.de\/?page_id=467","og_locale":"de_DE","og_type":"article","og_title":"PR\u00c4PROTHETISCHE KIEFERORTHOP\u00c4DIE\ufffc - Kieferorthop\u00e4die Seelscheid","og_description":"In einigen F\u00e4llen ist es sehr hilfreich oder gar notwendig vor der Anfertigung einer Br\u00fccke oder eines Implantates einzelne Z\u00e4hne aufzurichten. Vielfach kann man dies mit kleinem Aufwand und in der Regel unsichtbar mit einer festen oder herausnehmbaren Zahnspange korrigieren, sodass die M\u00f6glichkeit f\u00fcr eine optimale zahn\u00e4rztliche Versorgung vorbereitet werden kann. Wir erarbeiten hier in&hellip;&nbsp;Weiterlesen &raquo;PR\u00c4PROTHETISCHE KIEFERORTHOP\u00c4DIE\ufffc","og_url":"https:\/\/kfoseelscheid.de\/?page_id=467","og_site_name":"Kieferorthop\u00e4die Seelscheid","og_image":[{"url":"https:\/\/kfoseelscheid.de\/wp-content\/uploads\/2016\/09\/Pr%C3%A4prothetik-e1479045348148-300x300.jpg","type":"","width":"","height":""}],"twitter_card":"summary_large_image","schema":{"@context":"https:\/\/schema.org","@graph":[{"@type":"WebPage","@id":"https:\/\/kfoseelscheid.de\/?page_id=467","url":"https:\/\/kfoseelscheid.de\/?page_id=467","name":"PR\u00c4PROTHETISCHE KIEFERORTHOP\u00c4DIE\ufffc - Kieferorthop\u00e4die Seelscheid","isPartOf":{"@id":"https:\/\/kfoseelscheid.de\/#website"},"primaryImageOfPage":{"@id":"https:\/\/kfoseelscheid.de\/?page_id=467#primaryimage"},"image":{"@id":"https:\/\/kfoseelscheid.de\/?page_id=467#primaryimage"},"thumbnailUrl":"https:\/\/kfoseelscheid.de\/wp-content\/uploads\/2016\/09\/Pr%C3%A4prothetik-e1479045348148-300x300.jpg","datePublished":"2022-10-13T12:22:59+00:00","breadcrumb":{"@id":"https:\/\/kfoseelscheid.de\/?page_id=467#breadcrumb"},"inLanguage":"de","potentialAction":[{"@type":"ReadAction","target":["https:\/\/kfoseelscheid.de\/?page_id=467"]}]},{"@type":"ImageObject","inLanguage":"de","@id":"https:\/\/kfoseelscheid.de\/?page_id=467#primaryimage","url":"https:\/\/kfoseelscheid.de\/wp-content\/uploads\/2016\/09\/Pr%C3%A4prothetik-e1479045348148-300x300.jpg","contentUrl":"https:\/\/kfoseelscheid.de\/wp-content\/uploads\/2016\/09\/Pr%C3%A4prothetik-e1479045348148-300x300.jpg"},{"@type":"BreadcrumbList","@id":"https:\/\/kfoseelscheid.de\/?page_id=467#breadcrumb","itemListElement":[{"@type":"ListItem","position":1,"name":"Start","item":"https:\/\/kfoseelscheid.de\/"},{"@type":"ListItem","position":2,"name":"PR\u00c4PROTHETISCHE KIEFERORTHOP\u00c4DIE\ufffc"}]},{"@type":"WebSite","@id":"https:\/\/kfoseelscheid.de\/#website","url":"https:\/\/kfoseelscheid.de\/","name":"Kieferorthop\u00e4die Seelscheid","description":"Kieferorthop\u00e4die in Seelscheid","publisher":{"@id":"https:\/\/kfoseelscheid.de\/#organization"},"potentialAction":[{"@type":"SearchAction","target":{"@type":"EntryPoint","urlTemplate":"https:\/\/kfoseelscheid.de\/?s={search_term_string}"},"query-input":{"@type":"PropertyValueSpecification","valueRequired":true,"valueName":"search_term_string"}}],"inLanguage":"de"},{"@type":"Organization","@id":"https:\/\/kfoseelscheid.de\/#organization","name":"Kieferorthop\u00e4die Seelscheid","url":"https:\/\/kfoseelscheid.de\/","logo":{"@type":"ImageObject","inLanguage":"de","@id":"https:\/\/kfoseelscheid.de\/#\/schema\/logo\/image\/","url":"https:\/\/kfoseelscheid.de\/wp-content\/uploads\/2020\/12\/web-agency-logo-3.png","contentUrl":"https:\/\/kfoseelscheid.de\/wp-content\/uploads\/2020\/12\/web-agency-logo-3.png","width":200,"height":200,"caption":"Kieferorthop\u00e4die Seelscheid"},"image":{"@id":"https:\/\/kfoseelscheid.de\/#\/schema\/logo\/image\/"}}]}},"_links":{"self":[{"href":"https:\/\/kfoseelscheid.de\/index.php?rest_route=\/wp\/v2\/pages\/467","targetHints":{"allow":["GET"]}}],"collection":[{"href":"https:\/\/kfoseelscheid.de\/index.php?rest_route=\/wp\/v2\/pages"}],"about":[{"href":"https:\/\/kfoseelscheid.de\/index.php?rest_route=\/wp\/v2\/types\/page"}],"author":[{"embeddable":true,"href":"https:\/\/kfoseelscheid.de\/index.php?rest_route=\/wp\/v2\/users\/1"}],"replies":[{"embeddable":true,"href":"https:\/\/kfoseelscheid.de\/index.php?rest_route=%2Fwp%2Fv2%2Fcomments&post=467"}],"version-history":[{"count":1,"href":"https:\/\/kfoseelscheid.de\/index.php?rest_route=\/wp\/v2\/pages\/467\/revisions"}],"predecessor-version":[{"id":468,"href":"https:\/\/kfoseelscheid.de\/index.php?rest_route=\/wp\/v2\/pages\/467\/revisions\/468"}],"wp:attachment":[{"href":"https:\/\/kfoseelscheid.de\/index.php?rest_route=%2Fwp%2Fv2%2Fmedia&parent=467"}],"curies":[{"name":"wp","href":"https:\/\/api.w.org\/{rel}","templated":true}]}}