{"id":465,"date":"2022-10-13T14:22:33","date_gmt":"2022-10-13T12:22:33","guid":{"rendered":"https:\/\/xn--kieferorthopde-seelscheid-wec.de\/?page_id=465"},"modified":"2022-10-13T14:22:33","modified_gmt":"2022-10-13T12:22:33","slug":"kombiniert-kieferorthopaedisch-kieferchirurgische-therapie%ef%bf%bc","status":"publish","type":"page","link":"https:\/\/kfoseelscheid.de\/?page_id=465","title":{"rendered":"KOMBINIERT KIEFERORTHOP\u00c4DISCH-KIEFERCHIRURGISCHE THERAPIE\ufffc"},"content":{"rendered":"\n<p>Einige Patienten leiden unter starken funktionellen Einschr\u00e4nkungen, die durch eine ausgepr\u00e4gte Kieferfehlstellung zustande kommen.<\/p>\n\n\n\n<p>In einigen F\u00e4llen werden diese Formen der Dysganthie in interdisziplin\u00e4rer Zusammenarbeit mit Kieferchirurgen, Logop\u00e4den und Physiotherapeuten behandelt. Eine pr\u00e4zise interdisziplin\u00e4re Therapieplanung und die Auswahl der geeigneten Behandlungsmittel sind f\u00fcr uns hierbei ebenso wichtig wie die pers\u00f6nliche Betreuung unserer Patienten. Mit jahrelanger Expertise in diesem Bereich sind wir auf die Durchf\u00fchrung von kombiniert kieferorthop\u00e4disch-kieferchirurgischen Therapien spezialisiert und bieten ihnen ein pr\u00e4zises Behandlungskonzept in enger Zusammenarbeit mit unseren chirurgischen Partnern.<\/p>\n","protected":false},"excerpt":{"rendered":"<p>Einige Patienten leiden unter starken funktionellen Einschr\u00e4nkungen, die durch eine ausgepr\u00e4gte Kieferfehlstellung zustande kommen. In einigen F\u00e4llen werden diese Formen der Dysganthie in interdisziplin\u00e4rer Zusammenarbeit mit Kieferchirurgen, Logop\u00e4den und Physiotherapeuten behandelt. Eine pr\u00e4zise interdisziplin\u00e4re Therapieplanung und die Auswahl der geeigneten Behandlungsmittel sind f\u00fcr uns hierbei ebenso wichtig wie die pers\u00f6nliche Betreuung unserer Patienten. Mit jahrelanger&hellip;&nbsp;<a href=\"https:\/\/kfoseelscheid.de\/?page_id=465\" rel=\"bookmark\">Weiterlesen &raquo;<span class=\"screen-reader-text\">KOMBINIERT KIEFERORTHOP\u00c4DISCH-KIEFERCHIRURGISCHE THERAPIE\ufffc<\/span><\/a><\/p>\n","protected":false},"author":1,"featured_media":0,"parent":0,"menu_order":0,"comment_status":"closed","ping_status":"closed","template":"","meta":{"neve_meta_sidebar":"","neve_meta_container":"","neve_meta_enable_content_width":"","neve_meta_content_width":0,"neve_meta_title_alignment":"","neve_meta_author_avatar":"","neve_post_elements_order":"","neve_meta_disable_header":"","neve_meta_disable_footer":"","neve_meta_disable_title":"","footnotes":""},"class_list":["post-465","page","type-page","status-publish","hentry"],"yoast_head":"<!-- This site is optimized with the Yoast SEO plugin v27.4 - https:\/\/yoast.com\/product\/yoast-seo-wordpress\/ -->\n<title>KOMBINIERT KIEFERORTHOP\u00c4DISCH-KIEFERCHIRURGISCHE THERAPIE\ufffc - Kieferorthop\u00e4die Seelscheid<\/title>\n<meta name=\"robots\" content=\"index, follow, max-snippet:-1, max-image-preview:large, max-video-preview:-1\" \/>\n<link rel=\"canonical\" href=\"https:\/\/kfoseelscheid.de\/?page_id=465\" \/>\n<meta property=\"og:locale\" content=\"de_DE\" \/>\n<meta property=\"og:type\" content=\"article\" \/>\n<meta property=\"og:title\" content=\"KOMBINIERT KIEFERORTHOP\u00c4DISCH-KIEFERCHIRURGISCHE THERAPIE\ufffc - Kieferorthop\u00e4die Seelscheid\" \/>\n<meta property=\"og:description\" content=\"Einige Patienten leiden unter starken funktionellen Einschr\u00e4nkungen, die durch eine ausgepr\u00e4gte Kieferfehlstellung zustande kommen. In einigen F\u00e4llen werden diese Formen der Dysganthie in interdisziplin\u00e4rer Zusammenarbeit mit Kieferchirurgen, Logop\u00e4den und Physiotherapeuten behandelt. Eine pr\u00e4zise interdisziplin\u00e4re Therapieplanung und die Auswahl der geeigneten Behandlungsmittel sind f\u00fcr uns hierbei ebenso wichtig wie die pers\u00f6nliche Betreuung unserer Patienten. Mit jahrelanger&hellip;&nbsp;Weiterlesen &raquo;KOMBINIERT KIEFERORTHOP\u00c4DISCH-KIEFERCHIRURGISCHE THERAPIE\ufffc\" \/>\n<meta property=\"og:url\" content=\"https:\/\/kfoseelscheid.de\/?page_id=465\" \/>\n<meta property=\"og:site_name\" content=\"Kieferorthop\u00e4die Seelscheid\" \/>\n<meta name=\"twitter:card\" content=\"summary_large_image\" \/>\n<script type=\"application\/ld+json\" class=\"yoast-schema-graph\">{\"@context\":\"https:\\\/\\\/schema.org\",\"@graph\":[{\"@type\":\"WebPage\",\"@id\":\"https:\\\/\\\/kfoseelscheid.de\\\/?page_id=465\",\"url\":\"https:\\\/\\\/kfoseelscheid.de\\\/?page_id=465\",\"name\":\"KOMBINIERT KIEFERORTHOP\u00c4DISCH-KIEFERCHIRURGISCHE THERAPIE\ufffc - Kieferorthop\u00e4die Seelscheid\",\"isPartOf\":{\"@id\":\"https:\\\/\\\/kfoseelscheid.de\\\/#website\"},\"datePublished\":\"2022-10-13T12:22:33+00:00\",\"breadcrumb\":{\"@id\":\"https:\\\/\\\/kfoseelscheid.de\\\/?page_id=465#breadcrumb\"},\"inLanguage\":\"de\",\"potentialAction\":[{\"@type\":\"ReadAction\",\"target\":[\"https:\\\/\\\/kfoseelscheid.de\\\/?page_id=465\"]}]},{\"@type\":\"BreadcrumbList\",\"@id\":\"https:\\\/\\\/kfoseelscheid.de\\\/?page_id=465#breadcrumb\",\"itemListElement\":[{\"@type\":\"ListItem\",\"position\":1,\"name\":\"Start\",\"item\":\"https:\\\/\\\/kfoseelscheid.de\\\/\"},{\"@type\":\"ListItem\",\"position\":2,\"name\":\"KOMBINIERT KIEFERORTHOP\u00c4DISCH-KIEFERCHIRURGISCHE THERAPIE\ufffc\"}]},{\"@type\":\"WebSite\",\"@id\":\"https:\\\/\\\/kfoseelscheid.de\\\/#website\",\"url\":\"https:\\\/\\\/kfoseelscheid.de\\\/\",\"name\":\"Kieferorthop\u00e4die Seelscheid\",\"description\":\"Kieferorthop\u00e4die in Seelscheid\",\"publisher\":{\"@id\":\"https:\\\/\\\/kfoseelscheid.de\\\/#organization\"},\"potentialAction\":[{\"@type\":\"SearchAction\",\"target\":{\"@type\":\"EntryPoint\",\"urlTemplate\":\"https:\\\/\\\/kfoseelscheid.de\\\/?s={search_term_string}\"},\"query-input\":{\"@type\":\"PropertyValueSpecification\",\"valueRequired\":true,\"valueName\":\"search_term_string\"}}],\"inLanguage\":\"de\"},{\"@type\":\"Organization\",\"@id\":\"https:\\\/\\\/kfoseelscheid.de\\\/#organization\",\"name\":\"Kieferorthop\u00e4die Seelscheid\",\"url\":\"https:\\\/\\\/kfoseelscheid.de\\\/\",\"logo\":{\"@type\":\"ImageObject\",\"inLanguage\":\"de\",\"@id\":\"https:\\\/\\\/kfoseelscheid.de\\\/#\\\/schema\\\/logo\\\/image\\\/\",\"url\":\"https:\\\/\\\/kfoseelscheid.de\\\/wp-content\\\/uploads\\\/2020\\\/12\\\/web-agency-logo-3.png\",\"contentUrl\":\"https:\\\/\\\/kfoseelscheid.de\\\/wp-content\\\/uploads\\\/2020\\\/12\\\/web-agency-logo-3.png\",\"width\":200,\"height\":200,\"caption\":\"Kieferorthop\u00e4die Seelscheid\"},\"image\":{\"@id\":\"https:\\\/\\\/kfoseelscheid.de\\\/#\\\/schema\\\/logo\\\/image\\\/\"}}]}<\/script>\n<!-- \/ Yoast SEO plugin. -->","yoast_head_json":{"title":"KOMBINIERT KIEFERORTHOP\u00c4DISCH-KIEFERCHIRURGISCHE THERAPIE\ufffc - Kieferorthop\u00e4die Seelscheid","robots":{"index":"index","follow":"follow","max-snippet":"max-snippet:-1","max-image-preview":"max-image-preview:large","max-video-preview":"max-video-preview:-1"},"canonical":"https:\/\/kfoseelscheid.de\/?page_id=465","og_locale":"de_DE","og_type":"article","og_title":"KOMBINIERT KIEFERORTHOP\u00c4DISCH-KIEFERCHIRURGISCHE THERAPIE\ufffc - Kieferorthop\u00e4die Seelscheid","og_description":"Einige Patienten leiden unter starken funktionellen Einschr\u00e4nkungen, die durch eine ausgepr\u00e4gte Kieferfehlstellung zustande kommen. In einigen F\u00e4llen werden diese Formen der Dysganthie in interdisziplin\u00e4rer Zusammenarbeit mit Kieferchirurgen, Logop\u00e4den und Physiotherapeuten behandelt. Eine pr\u00e4zise interdisziplin\u00e4re Therapieplanung und die Auswahl der geeigneten Behandlungsmittel sind f\u00fcr uns hierbei ebenso wichtig wie die pers\u00f6nliche Betreuung unserer Patienten. Mit jahrelanger&hellip;&nbsp;Weiterlesen &raquo;KOMBINIERT KIEFERORTHOP\u00c4DISCH-KIEFERCHIRURGISCHE THERAPIE\ufffc","og_url":"https:\/\/kfoseelscheid.de\/?page_id=465","og_site_name":"Kieferorthop\u00e4die Seelscheid","twitter_card":"summary_large_image","schema":{"@context":"https:\/\/schema.org","@graph":[{"@type":"WebPage","@id":"https:\/\/kfoseelscheid.de\/?page_id=465","url":"https:\/\/kfoseelscheid.de\/?page_id=465","name":"KOMBINIERT KIEFERORTHOP\u00c4DISCH-KIEFERCHIRURGISCHE THERAPIE\ufffc - Kieferorthop\u00e4die Seelscheid","isPartOf":{"@id":"https:\/\/kfoseelscheid.de\/#website"},"datePublished":"2022-10-13T12:22:33+00:00","breadcrumb":{"@id":"https:\/\/kfoseelscheid.de\/?page_id=465#breadcrumb"},"inLanguage":"de","potentialAction":[{"@type":"ReadAction","target":["https:\/\/kfoseelscheid.de\/?page_id=465"]}]},{"@type":"BreadcrumbList","@id":"https:\/\/kfoseelscheid.de\/?page_id=465#breadcrumb","itemListElement":[{"@type":"ListItem","position":1,"name":"Start","item":"https:\/\/kfoseelscheid.de\/"},{"@type":"ListItem","position":2,"name":"KOMBINIERT KIEFERORTHOP\u00c4DISCH-KIEFERCHIRURGISCHE THERAPIE\ufffc"}]},{"@type":"WebSite","@id":"https:\/\/kfoseelscheid.de\/#website","url":"https:\/\/kfoseelscheid.de\/","name":"Kieferorthop\u00e4die Seelscheid","description":"Kieferorthop\u00e4die in Seelscheid","publisher":{"@id":"https:\/\/kfoseelscheid.de\/#organization"},"potentialAction":[{"@type":"SearchAction","target":{"@type":"EntryPoint","urlTemplate":"https:\/\/kfoseelscheid.de\/?s={search_term_string}"},"query-input":{"@type":"PropertyValueSpecification","valueRequired":true,"valueName":"search_term_string"}}],"inLanguage":"de"},{"@type":"Organization","@id":"https:\/\/kfoseelscheid.de\/#organization","name":"Kieferorthop\u00e4die Seelscheid","url":"https:\/\/kfoseelscheid.de\/","logo":{"@type":"ImageObject","inLanguage":"de","@id":"https:\/\/kfoseelscheid.de\/#\/schema\/logo\/image\/","url":"https:\/\/kfoseelscheid.de\/wp-content\/uploads\/2020\/12\/web-agency-logo-3.png","contentUrl":"https:\/\/kfoseelscheid.de\/wp-content\/uploads\/2020\/12\/web-agency-logo-3.png","width":200,"height":200,"caption":"Kieferorthop\u00e4die Seelscheid"},"image":{"@id":"https:\/\/kfoseelscheid.de\/#\/schema\/logo\/image\/"}}]}},"_links":{"self":[{"href":"https:\/\/kfoseelscheid.de\/index.php?rest_route=\/wp\/v2\/pages\/465","targetHints":{"allow":["GET"]}}],"collection":[{"href":"https:\/\/kfoseelscheid.de\/index.php?rest_route=\/wp\/v2\/pages"}],"about":[{"href":"https:\/\/kfoseelscheid.de\/index.php?rest_route=\/wp\/v2\/types\/page"}],"author":[{"embeddable":true,"href":"https:\/\/kfoseelscheid.de\/index.php?rest_route=\/wp\/v2\/users\/1"}],"replies":[{"embeddable":true,"href":"https:\/\/kfoseelscheid.de\/index.php?rest_route=%2Fwp%2Fv2%2Fcomments&post=465"}],"version-history":[{"count":1,"href":"https:\/\/kfoseelscheid.de\/index.php?rest_route=\/wp\/v2\/pages\/465\/revisions"}],"predecessor-version":[{"id":466,"href":"https:\/\/kfoseelscheid.de\/index.php?rest_route=\/wp\/v2\/pages\/465\/revisions\/466"}],"wp:attachment":[{"href":"https:\/\/kfoseelscheid.de\/index.php?rest_route=%2Fwp%2Fv2%2Fmedia&parent=465"}],"curies":[{"name":"wp","href":"https:\/\/api.w.org\/{rel}","templated":true}]}}