{"id":461,"date":"2022-10-13T14:21:14","date_gmt":"2022-10-13T12:21:14","guid":{"rendered":"https:\/\/xn--kieferorthopde-seelscheid-wec.de\/?page_id=461"},"modified":"2022-10-13T14:21:15","modified_gmt":"2022-10-13T12:21:15","slug":"feste-zahnspangen","status":"publish","type":"page","link":"https:\/\/kfoseelscheid.de\/?page_id=461","title":{"rendered":"FESTE ZAHNSPANGEN"},"content":{"rendered":"\n<figure class=\"wp-block-image\"><img decoding=\"async\" src=\"https:\/\/kfoseelscheid.de\/wp-content\/uploads\/2016\/08\/Feste-Zahnspange-300x300.jpg\" alt=\"\"\/><\/figure>\n\n\n\n<p>Die sog. feste Zahnspange (Brackets) hat mehrere Bestandteile. Hierzu geh\u00f6ren u.a. Metallbrackets, die einzeln auf den Zahn geklebt werden und ein Draht, der mit Hilfe von kleinen Gummis oder Stahlligaturen in die Brackets eingebunden wird.<\/p>\n\n\n\n<p>Einige Zahnbewegungen lassen sich besser oder auch nur mit der festen Zahnspange durchf\u00fchren, da mit Hilfe dieser Apparatur Zahnbewegungen in allen drei Raumebenen m\u00f6glich sind. Neben den konventionellen Metallbrackets bieten wir unseren Patienten mit Wunsch nach gr\u00f6\u00dferem Tragekomfort auch moderne Minibrackets mit integriertem Verschluss an&nbsp;(selbstligierende Brackets).<\/p>\n\n\n\n<p>F\u00fcr alle Patienten, die eine unauff\u00e4llige Zahnspange bevorzugen, gibt es hochwertige Keramikbrackets.&nbsp;Voraussetzung f\u00fcr eine feste Zahnspange ist immer eine gute Mundhygiene!<\/p>\n","protected":false},"excerpt":{"rendered":"<p>Die sog. feste Zahnspange (Brackets) hat mehrere Bestandteile. Hierzu geh\u00f6ren u.a. Metallbrackets, die einzeln auf den Zahn geklebt werden und ein Draht, der mit Hilfe von kleinen Gummis oder Stahlligaturen in die Brackets eingebunden wird. Einige Zahnbewegungen lassen sich besser oder auch nur mit der festen Zahnspange durchf\u00fchren, da mit Hilfe dieser Apparatur Zahnbewegungen in&hellip;&nbsp;<a href=\"https:\/\/kfoseelscheid.de\/?page_id=461\" rel=\"bookmark\">Weiterlesen &raquo;<span class=\"screen-reader-text\">FESTE ZAHNSPANGEN<\/span><\/a><\/p>\n","protected":false},"author":1,"featured_media":0,"parent":0,"menu_order":0,"comment_status":"closed","ping_status":"closed","template":"","meta":{"neve_meta_sidebar":"","neve_meta_container":"","neve_meta_enable_content_width":"","neve_meta_content_width":0,"neve_meta_title_alignment":"","neve_meta_author_avatar":"","neve_post_elements_order":"","neve_meta_disable_header":"","neve_meta_disable_footer":"","neve_meta_disable_title":"","footnotes":""},"class_list":["post-461","page","type-page","status-publish","hentry"],"yoast_head":"<!-- This site is optimized with the Yoast SEO plugin v27.4 - https:\/\/yoast.com\/product\/yoast-seo-wordpress\/ -->\n<title>FESTE ZAHNSPANGEN - Kieferorthop\u00e4die Seelscheid<\/title>\n<meta name=\"robots\" content=\"index, follow, max-snippet:-1, max-image-preview:large, max-video-preview:-1\" \/>\n<link rel=\"canonical\" href=\"https:\/\/kfoseelscheid.de\/?page_id=461\" \/>\n<meta property=\"og:locale\" content=\"de_DE\" \/>\n<meta property=\"og:type\" content=\"article\" \/>\n<meta property=\"og:title\" content=\"FESTE ZAHNSPANGEN - Kieferorthop\u00e4die Seelscheid\" \/>\n<meta property=\"og:description\" content=\"Die sog. feste Zahnspange (Brackets) hat mehrere Bestandteile. Hierzu geh\u00f6ren u.a. Metallbrackets, die einzeln auf den Zahn geklebt werden und ein Draht, der mit Hilfe von kleinen Gummis oder Stahlligaturen in die Brackets eingebunden wird. Einige Zahnbewegungen lassen sich besser oder auch nur mit der festen Zahnspange durchf\u00fchren, da mit Hilfe dieser Apparatur Zahnbewegungen in&hellip;&nbsp;Weiterlesen &raquo;FESTE ZAHNSPANGEN\" \/>\n<meta property=\"og:url\" content=\"https:\/\/kfoseelscheid.de\/?page_id=461\" \/>\n<meta property=\"og:site_name\" content=\"Kieferorthop\u00e4die Seelscheid\" \/>\n<meta property=\"article:modified_time\" content=\"2022-10-13T12:21:15+00:00\" \/>\n<meta property=\"og:image\" content=\"https:\/\/kfoseelscheid.de\/wp-content\/uploads\/2016\/08\/Feste-Zahnspange-300x300.jpg\" \/>\n<meta name=\"twitter:card\" content=\"summary_large_image\" \/>\n<meta name=\"twitter:label1\" content=\"Gesch\u00e4tzte Lesezeit\" \/>\n\t<meta name=\"twitter:data1\" content=\"1\u00a0Minute\" \/>\n<script type=\"application\/ld+json\" class=\"yoast-schema-graph\">{\"@context\":\"https:\\\/\\\/schema.org\",\"@graph\":[{\"@type\":\"WebPage\",\"@id\":\"https:\\\/\\\/kfoseelscheid.de\\\/?page_id=461\",\"url\":\"https:\\\/\\\/kfoseelscheid.de\\\/?page_id=461\",\"name\":\"FESTE ZAHNSPANGEN - Kieferorthop\u00e4die Seelscheid\",\"isPartOf\":{\"@id\":\"https:\\\/\\\/kfoseelscheid.de\\\/#website\"},\"primaryImageOfPage\":{\"@id\":\"https:\\\/\\\/kfoseelscheid.de\\\/?page_id=461#primaryimage\"},\"image\":{\"@id\":\"https:\\\/\\\/kfoseelscheid.de\\\/?page_id=461#primaryimage\"},\"thumbnailUrl\":\"https:\\\/\\\/kfoseelscheid.de\\\/wp-content\\\/uploads\\\/2016\\\/08\\\/Feste-Zahnspange-300x300.jpg\",\"datePublished\":\"2022-10-13T12:21:14+00:00\",\"dateModified\":\"2022-10-13T12:21:15+00:00\",\"breadcrumb\":{\"@id\":\"https:\\\/\\\/kfoseelscheid.de\\\/?page_id=461#breadcrumb\"},\"inLanguage\":\"de\",\"potentialAction\":[{\"@type\":\"ReadAction\",\"target\":[\"https:\\\/\\\/kfoseelscheid.de\\\/?page_id=461\"]}]},{\"@type\":\"ImageObject\",\"inLanguage\":\"de\",\"@id\":\"https:\\\/\\\/kfoseelscheid.de\\\/?page_id=461#primaryimage\",\"url\":\"https:\\\/\\\/kfoseelscheid.de\\\/wp-content\\\/uploads\\\/2016\\\/08\\\/Feste-Zahnspange-300x300.jpg\",\"contentUrl\":\"https:\\\/\\\/kfoseelscheid.de\\\/wp-content\\\/uploads\\\/2016\\\/08\\\/Feste-Zahnspange-300x300.jpg\"},{\"@type\":\"BreadcrumbList\",\"@id\":\"https:\\\/\\\/kfoseelscheid.de\\\/?page_id=461#breadcrumb\",\"itemListElement\":[{\"@type\":\"ListItem\",\"position\":1,\"name\":\"Start\",\"item\":\"https:\\\/\\\/kfoseelscheid.de\\\/\"},{\"@type\":\"ListItem\",\"position\":2,\"name\":\"FESTE ZAHNSPANGEN\"}]},{\"@type\":\"WebSite\",\"@id\":\"https:\\\/\\\/kfoseelscheid.de\\\/#website\",\"url\":\"https:\\\/\\\/kfoseelscheid.de\\\/\",\"name\":\"Kieferorthop\u00e4die Seelscheid\",\"description\":\"Kieferorthop\u00e4die in Seelscheid\",\"publisher\":{\"@id\":\"https:\\\/\\\/kfoseelscheid.de\\\/#organization\"},\"potentialAction\":[{\"@type\":\"SearchAction\",\"target\":{\"@type\":\"EntryPoint\",\"urlTemplate\":\"https:\\\/\\\/kfoseelscheid.de\\\/?s={search_term_string}\"},\"query-input\":{\"@type\":\"PropertyValueSpecification\",\"valueRequired\":true,\"valueName\":\"search_term_string\"}}],\"inLanguage\":\"de\"},{\"@type\":\"Organization\",\"@id\":\"https:\\\/\\\/kfoseelscheid.de\\\/#organization\",\"name\":\"Kieferorthop\u00e4die Seelscheid\",\"url\":\"https:\\\/\\\/kfoseelscheid.de\\\/\",\"logo\":{\"@type\":\"ImageObject\",\"inLanguage\":\"de\",\"@id\":\"https:\\\/\\\/kfoseelscheid.de\\\/#\\\/schema\\\/logo\\\/image\\\/\",\"url\":\"https:\\\/\\\/kfoseelscheid.de\\\/wp-content\\\/uploads\\\/2020\\\/12\\\/web-agency-logo-3.png\",\"contentUrl\":\"https:\\\/\\\/kfoseelscheid.de\\\/wp-content\\\/uploads\\\/2020\\\/12\\\/web-agency-logo-3.png\",\"width\":200,\"height\":200,\"caption\":\"Kieferorthop\u00e4die Seelscheid\"},\"image\":{\"@id\":\"https:\\\/\\\/kfoseelscheid.de\\\/#\\\/schema\\\/logo\\\/image\\\/\"}}]}<\/script>\n<!-- \/ Yoast SEO plugin. -->","yoast_head_json":{"title":"FESTE ZAHNSPANGEN - Kieferorthop\u00e4die Seelscheid","robots":{"index":"index","follow":"follow","max-snippet":"max-snippet:-1","max-image-preview":"max-image-preview:large","max-video-preview":"max-video-preview:-1"},"canonical":"https:\/\/kfoseelscheid.de\/?page_id=461","og_locale":"de_DE","og_type":"article","og_title":"FESTE ZAHNSPANGEN - Kieferorthop\u00e4die Seelscheid","og_description":"Die sog. feste Zahnspange (Brackets) hat mehrere Bestandteile. Hierzu geh\u00f6ren u.a. Metallbrackets, die einzeln auf den Zahn geklebt werden und ein Draht, der mit Hilfe von kleinen Gummis oder Stahlligaturen in die Brackets eingebunden wird. Einige Zahnbewegungen lassen sich besser oder auch nur mit der festen Zahnspange durchf\u00fchren, da mit Hilfe dieser Apparatur Zahnbewegungen in&hellip;&nbsp;Weiterlesen &raquo;FESTE ZAHNSPANGEN","og_url":"https:\/\/kfoseelscheid.de\/?page_id=461","og_site_name":"Kieferorthop\u00e4die Seelscheid","article_modified_time":"2022-10-13T12:21:15+00:00","og_image":[{"url":"https:\/\/kfoseelscheid.de\/wp-content\/uploads\/2016\/08\/Feste-Zahnspange-300x300.jpg","type":"","width":"","height":""}],"twitter_card":"summary_large_image","twitter_misc":{"Gesch\u00e4tzte Lesezeit":"1\u00a0Minute"},"schema":{"@context":"https:\/\/schema.org","@graph":[{"@type":"WebPage","@id":"https:\/\/kfoseelscheid.de\/?page_id=461","url":"https:\/\/kfoseelscheid.de\/?page_id=461","name":"FESTE ZAHNSPANGEN - Kieferorthop\u00e4die Seelscheid","isPartOf":{"@id":"https:\/\/kfoseelscheid.de\/#website"},"primaryImageOfPage":{"@id":"https:\/\/kfoseelscheid.de\/?page_id=461#primaryimage"},"image":{"@id":"https:\/\/kfoseelscheid.de\/?page_id=461#primaryimage"},"thumbnailUrl":"https:\/\/kfoseelscheid.de\/wp-content\/uploads\/2016\/08\/Feste-Zahnspange-300x300.jpg","datePublished":"2022-10-13T12:21:14+00:00","dateModified":"2022-10-13T12:21:15+00:00","breadcrumb":{"@id":"https:\/\/kfoseelscheid.de\/?page_id=461#breadcrumb"},"inLanguage":"de","potentialAction":[{"@type":"ReadAction","target":["https:\/\/kfoseelscheid.de\/?page_id=461"]}]},{"@type":"ImageObject","inLanguage":"de","@id":"https:\/\/kfoseelscheid.de\/?page_id=461#primaryimage","url":"https:\/\/kfoseelscheid.de\/wp-content\/uploads\/2016\/08\/Feste-Zahnspange-300x300.jpg","contentUrl":"https:\/\/kfoseelscheid.de\/wp-content\/uploads\/2016\/08\/Feste-Zahnspange-300x300.jpg"},{"@type":"BreadcrumbList","@id":"https:\/\/kfoseelscheid.de\/?page_id=461#breadcrumb","itemListElement":[{"@type":"ListItem","position":1,"name":"Start","item":"https:\/\/kfoseelscheid.de\/"},{"@type":"ListItem","position":2,"name":"FESTE ZAHNSPANGEN"}]},{"@type":"WebSite","@id":"https:\/\/kfoseelscheid.de\/#website","url":"https:\/\/kfoseelscheid.de\/","name":"Kieferorthop\u00e4die Seelscheid","description":"Kieferorthop\u00e4die in Seelscheid","publisher":{"@id":"https:\/\/kfoseelscheid.de\/#organization"},"potentialAction":[{"@type":"SearchAction","target":{"@type":"EntryPoint","urlTemplate":"https:\/\/kfoseelscheid.de\/?s={search_term_string}"},"query-input":{"@type":"PropertyValueSpecification","valueRequired":true,"valueName":"search_term_string"}}],"inLanguage":"de"},{"@type":"Organization","@id":"https:\/\/kfoseelscheid.de\/#organization","name":"Kieferorthop\u00e4die Seelscheid","url":"https:\/\/kfoseelscheid.de\/","logo":{"@type":"ImageObject","inLanguage":"de","@id":"https:\/\/kfoseelscheid.de\/#\/schema\/logo\/image\/","url":"https:\/\/kfoseelscheid.de\/wp-content\/uploads\/2020\/12\/web-agency-logo-3.png","contentUrl":"https:\/\/kfoseelscheid.de\/wp-content\/uploads\/2020\/12\/web-agency-logo-3.png","width":200,"height":200,"caption":"Kieferorthop\u00e4die Seelscheid"},"image":{"@id":"https:\/\/kfoseelscheid.de\/#\/schema\/logo\/image\/"}}]}},"_links":{"self":[{"href":"https:\/\/kfoseelscheid.de\/index.php?rest_route=\/wp\/v2\/pages\/461","targetHints":{"allow":["GET"]}}],"collection":[{"href":"https:\/\/kfoseelscheid.de\/index.php?rest_route=\/wp\/v2\/pages"}],"about":[{"href":"https:\/\/kfoseelscheid.de\/index.php?rest_route=\/wp\/v2\/types\/page"}],"author":[{"embeddable":true,"href":"https:\/\/kfoseelscheid.de\/index.php?rest_route=\/wp\/v2\/users\/1"}],"replies":[{"embeddable":true,"href":"https:\/\/kfoseelscheid.de\/index.php?rest_route=%2Fwp%2Fv2%2Fcomments&post=461"}],"version-history":[{"count":1,"href":"https:\/\/kfoseelscheid.de\/index.php?rest_route=\/wp\/v2\/pages\/461\/revisions"}],"predecessor-version":[{"id":462,"href":"https:\/\/kfoseelscheid.de\/index.php?rest_route=\/wp\/v2\/pages\/461\/revisions\/462"}],"wp:attachment":[{"href":"https:\/\/kfoseelscheid.de\/index.php?rest_route=%2Fwp%2Fv2%2Fmedia&parent=461"}],"curies":[{"name":"wp","href":"https:\/\/api.w.org\/{rel}","templated":true}]}}