{"id":453,"date":"2022-10-13T14:19:35","date_gmt":"2022-10-13T12:19:35","guid":{"rendered":"https:\/\/xn--kieferorthopde-seelscheid-wec.de\/?page_id=453"},"modified":"2022-10-13T14:19:35","modified_gmt":"2022-10-13T12:19:35","slug":"best-ager","status":"publish","type":"page","link":"https:\/\/kfoseelscheid.de\/?page_id=453","title":{"rendered":"BEST AGER"},"content":{"rendered":"\n<figure class=\"wp-block-image\"><img decoding=\"async\" src=\"https:\/\/kfoseelscheid.de\/wp-content\/uploads\/2016\/09\/Best-Ager-e1475008576192-300x300.jpg\" alt=\"\"\/><\/figure>\n\n\n\n<p>Eine kieferorthop\u00e4dische Behandlung ist v\u00f6llig unabh\u00e4ngig vom Alter m\u00f6glich. Lediglich die Beweggr\u00fcnde f\u00fcr den Beginn einer Therapie beim Kieferorthop\u00e4den sind oftmals unterschiedlich zu denen von Kindern und Jugendlichen.<\/p>\n\n\n\n<p>Insbesondere vor prothetischen Ma\u00dfnahmen, wie der Anfertigung einer Br\u00fccke oder vor Implantatsetzung kann das Aufrichten gekippter oder stark gedrehter Z\u00e4hne mit einer Zahnspange die Arbeit f\u00fcr den Zahnarzt stark erleichtern oder gar erst m\u00f6glich machen.<\/p>\n\n\n\n<p>Mit dem Alter \u00e4ndern sich dar\u00fcber hinaus auch die Qualit\u00e4t und die Quantit\u00e4t des Knochens. Vielfach \u00e4ndert sich in diesem Zusammenhang auch die Stellung der Z\u00e4hne. In enger Zusammenarbeit mit Ihrem behandelnden Zahnarzt und unserem Fachwissen in diesem Bereich entwickeln wir individuelle Behandlungspl\u00e4ne, die Zahngesundheit, Funktion und \u00c4sthetik vereinbaren und ihre Z\u00e4hne dauerhaft gesund erhalten. Mit einem gezielten Therapieplan kann selbst bei fortgeschrittenem Zahnfleischr\u00fcckgang durch moderne Kieferorthop\u00e4die der Langzeiterhalt der Z\u00e4hne deutlich verbessert werden.<\/p>\n\n\n\n<p>Aktuellste wissenschaftliche Entwicklungen zeigen, dass auch schon zu einem fr\u00fchen Zeitpunkt der Parodontaltherapie die Kieferorthop\u00e4die unterst\u00fctzend wirken kann. Gerne beraten wir Sie hierzu und stimmen uns mit Ihrem Zahnarzt ab.<\/p>\n","protected":false},"excerpt":{"rendered":"<p>Eine kieferorthop\u00e4dische Behandlung ist v\u00f6llig unabh\u00e4ngig vom Alter m\u00f6glich. Lediglich die Beweggr\u00fcnde f\u00fcr den Beginn einer Therapie beim Kieferorthop\u00e4den sind oftmals unterschiedlich zu denen von Kindern und Jugendlichen. Insbesondere vor prothetischen Ma\u00dfnahmen, wie der Anfertigung einer Br\u00fccke oder vor Implantatsetzung kann das Aufrichten gekippter oder stark gedrehter Z\u00e4hne mit einer Zahnspange die Arbeit f\u00fcr den&hellip;&nbsp;<a href=\"https:\/\/kfoseelscheid.de\/?page_id=453\" rel=\"bookmark\">Weiterlesen &raquo;<span class=\"screen-reader-text\">BEST AGER<\/span><\/a><\/p>\n","protected":false},"author":1,"featured_media":0,"parent":0,"menu_order":0,"comment_status":"closed","ping_status":"closed","template":"","meta":{"neve_meta_sidebar":"","neve_meta_container":"","neve_meta_enable_content_width":"","neve_meta_content_width":0,"neve_meta_title_alignment":"","neve_meta_author_avatar":"","neve_post_elements_order":"","neve_meta_disable_header":"","neve_meta_disable_footer":"","neve_meta_disable_title":"","footnotes":""},"class_list":["post-453","page","type-page","status-publish","hentry"],"yoast_head":"<!-- This site is optimized with the Yoast SEO plugin v27.4 - https:\/\/yoast.com\/product\/yoast-seo-wordpress\/ -->\n<title>BEST AGER - Kieferorthop\u00e4die Seelscheid<\/title>\n<meta name=\"robots\" content=\"index, follow, max-snippet:-1, max-image-preview:large, max-video-preview:-1\" \/>\n<link rel=\"canonical\" href=\"https:\/\/kfoseelscheid.de\/?page_id=453\" \/>\n<meta property=\"og:locale\" content=\"de_DE\" \/>\n<meta property=\"og:type\" content=\"article\" \/>\n<meta property=\"og:title\" content=\"BEST AGER - Kieferorthop\u00e4die Seelscheid\" \/>\n<meta property=\"og:description\" content=\"Eine kieferorthop\u00e4dische Behandlung ist v\u00f6llig unabh\u00e4ngig vom Alter m\u00f6glich. Lediglich die Beweggr\u00fcnde f\u00fcr den Beginn einer Therapie beim Kieferorthop\u00e4den sind oftmals unterschiedlich zu denen von Kindern und Jugendlichen. Insbesondere vor prothetischen Ma\u00dfnahmen, wie der Anfertigung einer Br\u00fccke oder vor Implantatsetzung kann das Aufrichten gekippter oder stark gedrehter Z\u00e4hne mit einer Zahnspange die Arbeit f\u00fcr den&hellip;&nbsp;Weiterlesen &raquo;BEST AGER\" \/>\n<meta property=\"og:url\" content=\"https:\/\/kfoseelscheid.de\/?page_id=453\" \/>\n<meta property=\"og:site_name\" content=\"Kieferorthop\u00e4die Seelscheid\" \/>\n<meta property=\"og:image\" content=\"https:\/\/kfoseelscheid.de\/wp-content\/uploads\/2016\/09\/Best-Ager-e1475008576192-300x300.jpg\" \/>\n<meta name=\"twitter:card\" content=\"summary_large_image\" \/>\n<meta name=\"twitter:label1\" content=\"Gesch\u00e4tzte Lesezeit\" \/>\n\t<meta name=\"twitter:data1\" content=\"1\u00a0Minute\" \/>\n<script type=\"application\/ld+json\" class=\"yoast-schema-graph\">{\"@context\":\"https:\\\/\\\/schema.org\",\"@graph\":[{\"@type\":\"WebPage\",\"@id\":\"https:\\\/\\\/kfoseelscheid.de\\\/?page_id=453\",\"url\":\"https:\\\/\\\/kfoseelscheid.de\\\/?page_id=453\",\"name\":\"BEST AGER - Kieferorthop\u00e4die Seelscheid\",\"isPartOf\":{\"@id\":\"https:\\\/\\\/kfoseelscheid.de\\\/#website\"},\"primaryImageOfPage\":{\"@id\":\"https:\\\/\\\/kfoseelscheid.de\\\/?page_id=453#primaryimage\"},\"image\":{\"@id\":\"https:\\\/\\\/kfoseelscheid.de\\\/?page_id=453#primaryimage\"},\"thumbnailUrl\":\"https:\\\/\\\/kfoseelscheid.de\\\/wp-content\\\/uploads\\\/2016\\\/09\\\/Best-Ager-e1475008576192-300x300.jpg\",\"datePublished\":\"2022-10-13T12:19:35+00:00\",\"breadcrumb\":{\"@id\":\"https:\\\/\\\/kfoseelscheid.de\\\/?page_id=453#breadcrumb\"},\"inLanguage\":\"de\",\"potentialAction\":[{\"@type\":\"ReadAction\",\"target\":[\"https:\\\/\\\/kfoseelscheid.de\\\/?page_id=453\"]}]},{\"@type\":\"ImageObject\",\"inLanguage\":\"de\",\"@id\":\"https:\\\/\\\/kfoseelscheid.de\\\/?page_id=453#primaryimage\",\"url\":\"https:\\\/\\\/kfoseelscheid.de\\\/wp-content\\\/uploads\\\/2016\\\/09\\\/Best-Ager-e1475008576192-300x300.jpg\",\"contentUrl\":\"https:\\\/\\\/kfoseelscheid.de\\\/wp-content\\\/uploads\\\/2016\\\/09\\\/Best-Ager-e1475008576192-300x300.jpg\"},{\"@type\":\"BreadcrumbList\",\"@id\":\"https:\\\/\\\/kfoseelscheid.de\\\/?page_id=453#breadcrumb\",\"itemListElement\":[{\"@type\":\"ListItem\",\"position\":1,\"name\":\"Start\",\"item\":\"https:\\\/\\\/kfoseelscheid.de\\\/\"},{\"@type\":\"ListItem\",\"position\":2,\"name\":\"BEST AGER\"}]},{\"@type\":\"WebSite\",\"@id\":\"https:\\\/\\\/kfoseelscheid.de\\\/#website\",\"url\":\"https:\\\/\\\/kfoseelscheid.de\\\/\",\"name\":\"Kieferorthop\u00e4die Seelscheid\",\"description\":\"Kieferorthop\u00e4die in Seelscheid\",\"publisher\":{\"@id\":\"https:\\\/\\\/kfoseelscheid.de\\\/#organization\"},\"potentialAction\":[{\"@type\":\"SearchAction\",\"target\":{\"@type\":\"EntryPoint\",\"urlTemplate\":\"https:\\\/\\\/kfoseelscheid.de\\\/?s={search_term_string}\"},\"query-input\":{\"@type\":\"PropertyValueSpecification\",\"valueRequired\":true,\"valueName\":\"search_term_string\"}}],\"inLanguage\":\"de\"},{\"@type\":\"Organization\",\"@id\":\"https:\\\/\\\/kfoseelscheid.de\\\/#organization\",\"name\":\"Kieferorthop\u00e4die Seelscheid\",\"url\":\"https:\\\/\\\/kfoseelscheid.de\\\/\",\"logo\":{\"@type\":\"ImageObject\",\"inLanguage\":\"de\",\"@id\":\"https:\\\/\\\/kfoseelscheid.de\\\/#\\\/schema\\\/logo\\\/image\\\/\",\"url\":\"https:\\\/\\\/kfoseelscheid.de\\\/wp-content\\\/uploads\\\/2020\\\/12\\\/web-agency-logo-3.png\",\"contentUrl\":\"https:\\\/\\\/kfoseelscheid.de\\\/wp-content\\\/uploads\\\/2020\\\/12\\\/web-agency-logo-3.png\",\"width\":200,\"height\":200,\"caption\":\"Kieferorthop\u00e4die Seelscheid\"},\"image\":{\"@id\":\"https:\\\/\\\/kfoseelscheid.de\\\/#\\\/schema\\\/logo\\\/image\\\/\"}}]}<\/script>\n<!-- \/ Yoast SEO plugin. -->","yoast_head_json":{"title":"BEST AGER - Kieferorthop\u00e4die Seelscheid","robots":{"index":"index","follow":"follow","max-snippet":"max-snippet:-1","max-image-preview":"max-image-preview:large","max-video-preview":"max-video-preview:-1"},"canonical":"https:\/\/kfoseelscheid.de\/?page_id=453","og_locale":"de_DE","og_type":"article","og_title":"BEST AGER - Kieferorthop\u00e4die Seelscheid","og_description":"Eine kieferorthop\u00e4dische Behandlung ist v\u00f6llig unabh\u00e4ngig vom Alter m\u00f6glich. Lediglich die Beweggr\u00fcnde f\u00fcr den Beginn einer Therapie beim Kieferorthop\u00e4den sind oftmals unterschiedlich zu denen von Kindern und Jugendlichen. Insbesondere vor prothetischen Ma\u00dfnahmen, wie der Anfertigung einer Br\u00fccke oder vor Implantatsetzung kann das Aufrichten gekippter oder stark gedrehter Z\u00e4hne mit einer Zahnspange die Arbeit f\u00fcr den&hellip;&nbsp;Weiterlesen &raquo;BEST AGER","og_url":"https:\/\/kfoseelscheid.de\/?page_id=453","og_site_name":"Kieferorthop\u00e4die Seelscheid","og_image":[{"url":"https:\/\/kfoseelscheid.de\/wp-content\/uploads\/2016\/09\/Best-Ager-e1475008576192-300x300.jpg","type":"","width":"","height":""}],"twitter_card":"summary_large_image","twitter_misc":{"Gesch\u00e4tzte Lesezeit":"1\u00a0Minute"},"schema":{"@context":"https:\/\/schema.org","@graph":[{"@type":"WebPage","@id":"https:\/\/kfoseelscheid.de\/?page_id=453","url":"https:\/\/kfoseelscheid.de\/?page_id=453","name":"BEST AGER - Kieferorthop\u00e4die Seelscheid","isPartOf":{"@id":"https:\/\/kfoseelscheid.de\/#website"},"primaryImageOfPage":{"@id":"https:\/\/kfoseelscheid.de\/?page_id=453#primaryimage"},"image":{"@id":"https:\/\/kfoseelscheid.de\/?page_id=453#primaryimage"},"thumbnailUrl":"https:\/\/kfoseelscheid.de\/wp-content\/uploads\/2016\/09\/Best-Ager-e1475008576192-300x300.jpg","datePublished":"2022-10-13T12:19:35+00:00","breadcrumb":{"@id":"https:\/\/kfoseelscheid.de\/?page_id=453#breadcrumb"},"inLanguage":"de","potentialAction":[{"@type":"ReadAction","target":["https:\/\/kfoseelscheid.de\/?page_id=453"]}]},{"@type":"ImageObject","inLanguage":"de","@id":"https:\/\/kfoseelscheid.de\/?page_id=453#primaryimage","url":"https:\/\/kfoseelscheid.de\/wp-content\/uploads\/2016\/09\/Best-Ager-e1475008576192-300x300.jpg","contentUrl":"https:\/\/kfoseelscheid.de\/wp-content\/uploads\/2016\/09\/Best-Ager-e1475008576192-300x300.jpg"},{"@type":"BreadcrumbList","@id":"https:\/\/kfoseelscheid.de\/?page_id=453#breadcrumb","itemListElement":[{"@type":"ListItem","position":1,"name":"Start","item":"https:\/\/kfoseelscheid.de\/"},{"@type":"ListItem","position":2,"name":"BEST AGER"}]},{"@type":"WebSite","@id":"https:\/\/kfoseelscheid.de\/#website","url":"https:\/\/kfoseelscheid.de\/","name":"Kieferorthop\u00e4die Seelscheid","description":"Kieferorthop\u00e4die in Seelscheid","publisher":{"@id":"https:\/\/kfoseelscheid.de\/#organization"},"potentialAction":[{"@type":"SearchAction","target":{"@type":"EntryPoint","urlTemplate":"https:\/\/kfoseelscheid.de\/?s={search_term_string}"},"query-input":{"@type":"PropertyValueSpecification","valueRequired":true,"valueName":"search_term_string"}}],"inLanguage":"de"},{"@type":"Organization","@id":"https:\/\/kfoseelscheid.de\/#organization","name":"Kieferorthop\u00e4die Seelscheid","url":"https:\/\/kfoseelscheid.de\/","logo":{"@type":"ImageObject","inLanguage":"de","@id":"https:\/\/kfoseelscheid.de\/#\/schema\/logo\/image\/","url":"https:\/\/kfoseelscheid.de\/wp-content\/uploads\/2020\/12\/web-agency-logo-3.png","contentUrl":"https:\/\/kfoseelscheid.de\/wp-content\/uploads\/2020\/12\/web-agency-logo-3.png","width":200,"height":200,"caption":"Kieferorthop\u00e4die Seelscheid"},"image":{"@id":"https:\/\/kfoseelscheid.de\/#\/schema\/logo\/image\/"}}]}},"_links":{"self":[{"href":"https:\/\/kfoseelscheid.de\/index.php?rest_route=\/wp\/v2\/pages\/453","targetHints":{"allow":["GET"]}}],"collection":[{"href":"https:\/\/kfoseelscheid.de\/index.php?rest_route=\/wp\/v2\/pages"}],"about":[{"href":"https:\/\/kfoseelscheid.de\/index.php?rest_route=\/wp\/v2\/types\/page"}],"author":[{"embeddable":true,"href":"https:\/\/kfoseelscheid.de\/index.php?rest_route=\/wp\/v2\/users\/1"}],"replies":[{"embeddable":true,"href":"https:\/\/kfoseelscheid.de\/index.php?rest_route=%2Fwp%2Fv2%2Fcomments&post=453"}],"version-history":[{"count":1,"href":"https:\/\/kfoseelscheid.de\/index.php?rest_route=\/wp\/v2\/pages\/453\/revisions"}],"predecessor-version":[{"id":454,"href":"https:\/\/kfoseelscheid.de\/index.php?rest_route=\/wp\/v2\/pages\/453\/revisions\/454"}],"wp:attachment":[{"href":"https:\/\/kfoseelscheid.de\/index.php?rest_route=%2Fwp%2Fv2%2Fmedia&parent=453"}],"curies":[{"name":"wp","href":"https:\/\/api.w.org\/{rel}","templated":true}]}}