{"id":451,"date":"2022-10-13T14:19:09","date_gmt":"2022-10-13T12:19:09","guid":{"rendered":"https:\/\/xn--kieferorthopde-seelscheid-wec.de\/?page_id=451"},"modified":"2022-10-13T14:19:09","modified_gmt":"2022-10-13T12:19:09","slug":"erwachsene","status":"publish","type":"page","link":"https:\/\/kfoseelscheid.de\/?page_id=451","title":{"rendered":"ERWACHSENE"},"content":{"rendered":"\n<figure class=\"wp-block-image\"><img decoding=\"async\" src=\"https:\/\/kfoseelscheid.de\/wp-content\/uploads\/2016\/08\/Erwachsene_Fotolia_50703277_L-e1475009188972-300x300.jpg\" alt=\"\"\/><\/figure>\n\n\n\n<p>Auch nach Abschluss des Wachstums und weit dar\u00fcber hinaus ist eine kieferorthop\u00e4dische Therapie m\u00f6glich. Zahn- und Kieferfehlstellungen k\u00f6nnen sehr vielf\u00e4ltig sein. Ebenso steht Ihnen in der modernen Kieferorthop\u00e4die eine Vielzahl unterschiedlicher, auch unsichtbarer Therapiem\u00f6glichkeiten zur Verf\u00fcgung. In einem individuellen Beratungsgespr\u00e4ch besprechen wir dies sehr gerne ausf\u00fchrlich mit Ihnen!<\/p>\n","protected":false},"excerpt":{"rendered":"<p>Auch nach Abschluss des Wachstums und weit dar\u00fcber hinaus ist eine kieferorthop\u00e4dische Therapie m\u00f6glich. Zahn- und Kieferfehlstellungen k\u00f6nnen sehr vielf\u00e4ltig sein. Ebenso steht Ihnen in der modernen Kieferorthop\u00e4die eine Vielzahl unterschiedlicher, auch unsichtbarer Therapiem\u00f6glichkeiten zur Verf\u00fcgung. In einem individuellen Beratungsgespr\u00e4ch besprechen wir dies sehr gerne ausf\u00fchrlich mit Ihnen!<\/p>\n","protected":false},"author":1,"featured_media":0,"parent":0,"menu_order":0,"comment_status":"closed","ping_status":"closed","template":"","meta":{"neve_meta_sidebar":"","neve_meta_container":"","neve_meta_enable_content_width":"","neve_meta_content_width":0,"neve_meta_title_alignment":"","neve_meta_author_avatar":"","neve_post_elements_order":"","neve_meta_disable_header":"","neve_meta_disable_footer":"","neve_meta_disable_title":"","footnotes":""},"class_list":["post-451","page","type-page","status-publish","hentry"],"yoast_head":"<!-- This site is optimized with the Yoast SEO plugin v27.4 - https:\/\/yoast.com\/product\/yoast-seo-wordpress\/ -->\n<title>ERWACHSENE - Kieferorthop\u00e4die Seelscheid<\/title>\n<meta name=\"robots\" content=\"index, follow, max-snippet:-1, max-image-preview:large, max-video-preview:-1\" \/>\n<link rel=\"canonical\" href=\"https:\/\/kfoseelscheid.de\/?page_id=451\" \/>\n<meta property=\"og:locale\" content=\"de_DE\" \/>\n<meta property=\"og:type\" content=\"article\" \/>\n<meta property=\"og:title\" content=\"ERWACHSENE - Kieferorthop\u00e4die Seelscheid\" \/>\n<meta property=\"og:description\" content=\"Auch nach Abschluss des Wachstums und weit dar\u00fcber hinaus ist eine kieferorthop\u00e4dische Therapie m\u00f6glich. Zahn- und Kieferfehlstellungen k\u00f6nnen sehr vielf\u00e4ltig sein. Ebenso steht Ihnen in der modernen Kieferorthop\u00e4die eine Vielzahl unterschiedlicher, auch unsichtbarer Therapiem\u00f6glichkeiten zur Verf\u00fcgung. In einem individuellen Beratungsgespr\u00e4ch besprechen wir dies sehr gerne ausf\u00fchrlich mit Ihnen!\" \/>\n<meta property=\"og:url\" content=\"https:\/\/kfoseelscheid.de\/?page_id=451\" \/>\n<meta property=\"og:site_name\" content=\"Kieferorthop\u00e4die Seelscheid\" \/>\n<meta property=\"og:image\" content=\"https:\/\/kfoseelscheid.de\/wp-content\/uploads\/2016\/08\/Erwachsene_Fotolia_50703277_L-e1475009188972-300x300.jpg\" \/>\n<meta name=\"twitter:card\" content=\"summary_large_image\" \/>\n<script type=\"application\/ld+json\" class=\"yoast-schema-graph\">{\"@context\":\"https:\\\/\\\/schema.org\",\"@graph\":[{\"@type\":\"WebPage\",\"@id\":\"https:\\\/\\\/kfoseelscheid.de\\\/?page_id=451\",\"url\":\"https:\\\/\\\/kfoseelscheid.de\\\/?page_id=451\",\"name\":\"ERWACHSENE - Kieferorthop\u00e4die Seelscheid\",\"isPartOf\":{\"@id\":\"https:\\\/\\\/kfoseelscheid.de\\\/#website\"},\"primaryImageOfPage\":{\"@id\":\"https:\\\/\\\/kfoseelscheid.de\\\/?page_id=451#primaryimage\"},\"image\":{\"@id\":\"https:\\\/\\\/kfoseelscheid.de\\\/?page_id=451#primaryimage\"},\"thumbnailUrl\":\"https:\\\/\\\/kfoseelscheid.de\\\/wp-content\\\/uploads\\\/2016\\\/08\\\/Erwachsene_Fotolia_50703277_L-e1475009188972-300x300.jpg\",\"datePublished\":\"2022-10-13T12:19:09+00:00\",\"breadcrumb\":{\"@id\":\"https:\\\/\\\/kfoseelscheid.de\\\/?page_id=451#breadcrumb\"},\"inLanguage\":\"de\",\"potentialAction\":[{\"@type\":\"ReadAction\",\"target\":[\"https:\\\/\\\/kfoseelscheid.de\\\/?page_id=451\"]}]},{\"@type\":\"ImageObject\",\"inLanguage\":\"de\",\"@id\":\"https:\\\/\\\/kfoseelscheid.de\\\/?page_id=451#primaryimage\",\"url\":\"https:\\\/\\\/kfoseelscheid.de\\\/wp-content\\\/uploads\\\/2016\\\/08\\\/Erwachsene_Fotolia_50703277_L-e1475009188972-300x300.jpg\",\"contentUrl\":\"https:\\\/\\\/kfoseelscheid.de\\\/wp-content\\\/uploads\\\/2016\\\/08\\\/Erwachsene_Fotolia_50703277_L-e1475009188972-300x300.jpg\"},{\"@type\":\"BreadcrumbList\",\"@id\":\"https:\\\/\\\/kfoseelscheid.de\\\/?page_id=451#breadcrumb\",\"itemListElement\":[{\"@type\":\"ListItem\",\"position\":1,\"name\":\"Start\",\"item\":\"https:\\\/\\\/kfoseelscheid.de\\\/\"},{\"@type\":\"ListItem\",\"position\":2,\"name\":\"ERWACHSENE\"}]},{\"@type\":\"WebSite\",\"@id\":\"https:\\\/\\\/kfoseelscheid.de\\\/#website\",\"url\":\"https:\\\/\\\/kfoseelscheid.de\\\/\",\"name\":\"Kieferorthop\u00e4die Seelscheid\",\"description\":\"Kieferorthop\u00e4die in Seelscheid\",\"publisher\":{\"@id\":\"https:\\\/\\\/kfoseelscheid.de\\\/#organization\"},\"potentialAction\":[{\"@type\":\"SearchAction\",\"target\":{\"@type\":\"EntryPoint\",\"urlTemplate\":\"https:\\\/\\\/kfoseelscheid.de\\\/?s={search_term_string}\"},\"query-input\":{\"@type\":\"PropertyValueSpecification\",\"valueRequired\":true,\"valueName\":\"search_term_string\"}}],\"inLanguage\":\"de\"},{\"@type\":\"Organization\",\"@id\":\"https:\\\/\\\/kfoseelscheid.de\\\/#organization\",\"name\":\"Kieferorthop\u00e4die Seelscheid\",\"url\":\"https:\\\/\\\/kfoseelscheid.de\\\/\",\"logo\":{\"@type\":\"ImageObject\",\"inLanguage\":\"de\",\"@id\":\"https:\\\/\\\/kfoseelscheid.de\\\/#\\\/schema\\\/logo\\\/image\\\/\",\"url\":\"https:\\\/\\\/kfoseelscheid.de\\\/wp-content\\\/uploads\\\/2020\\\/12\\\/web-agency-logo-3.png\",\"contentUrl\":\"https:\\\/\\\/kfoseelscheid.de\\\/wp-content\\\/uploads\\\/2020\\\/12\\\/web-agency-logo-3.png\",\"width\":200,\"height\":200,\"caption\":\"Kieferorthop\u00e4die Seelscheid\"},\"image\":{\"@id\":\"https:\\\/\\\/kfoseelscheid.de\\\/#\\\/schema\\\/logo\\\/image\\\/\"}}]}<\/script>\n<!-- \/ Yoast SEO plugin. -->","yoast_head_json":{"title":"ERWACHSENE - Kieferorthop\u00e4die Seelscheid","robots":{"index":"index","follow":"follow","max-snippet":"max-snippet:-1","max-image-preview":"max-image-preview:large","max-video-preview":"max-video-preview:-1"},"canonical":"https:\/\/kfoseelscheid.de\/?page_id=451","og_locale":"de_DE","og_type":"article","og_title":"ERWACHSENE - Kieferorthop\u00e4die Seelscheid","og_description":"Auch nach Abschluss des Wachstums und weit dar\u00fcber hinaus ist eine kieferorthop\u00e4dische Therapie m\u00f6glich. Zahn- und Kieferfehlstellungen k\u00f6nnen sehr vielf\u00e4ltig sein. Ebenso steht Ihnen in der modernen Kieferorthop\u00e4die eine Vielzahl unterschiedlicher, auch unsichtbarer Therapiem\u00f6glichkeiten zur Verf\u00fcgung. In einem individuellen Beratungsgespr\u00e4ch besprechen wir dies sehr gerne ausf\u00fchrlich mit Ihnen!","og_url":"https:\/\/kfoseelscheid.de\/?page_id=451","og_site_name":"Kieferorthop\u00e4die Seelscheid","og_image":[{"url":"https:\/\/kfoseelscheid.de\/wp-content\/uploads\/2016\/08\/Erwachsene_Fotolia_50703277_L-e1475009188972-300x300.jpg","type":"","width":"","height":""}],"twitter_card":"summary_large_image","schema":{"@context":"https:\/\/schema.org","@graph":[{"@type":"WebPage","@id":"https:\/\/kfoseelscheid.de\/?page_id=451","url":"https:\/\/kfoseelscheid.de\/?page_id=451","name":"ERWACHSENE - Kieferorthop\u00e4die Seelscheid","isPartOf":{"@id":"https:\/\/kfoseelscheid.de\/#website"},"primaryImageOfPage":{"@id":"https:\/\/kfoseelscheid.de\/?page_id=451#primaryimage"},"image":{"@id":"https:\/\/kfoseelscheid.de\/?page_id=451#primaryimage"},"thumbnailUrl":"https:\/\/kfoseelscheid.de\/wp-content\/uploads\/2016\/08\/Erwachsene_Fotolia_50703277_L-e1475009188972-300x300.jpg","datePublished":"2022-10-13T12:19:09+00:00","breadcrumb":{"@id":"https:\/\/kfoseelscheid.de\/?page_id=451#breadcrumb"},"inLanguage":"de","potentialAction":[{"@type":"ReadAction","target":["https:\/\/kfoseelscheid.de\/?page_id=451"]}]},{"@type":"ImageObject","inLanguage":"de","@id":"https:\/\/kfoseelscheid.de\/?page_id=451#primaryimage","url":"https:\/\/kfoseelscheid.de\/wp-content\/uploads\/2016\/08\/Erwachsene_Fotolia_50703277_L-e1475009188972-300x300.jpg","contentUrl":"https:\/\/kfoseelscheid.de\/wp-content\/uploads\/2016\/08\/Erwachsene_Fotolia_50703277_L-e1475009188972-300x300.jpg"},{"@type":"BreadcrumbList","@id":"https:\/\/kfoseelscheid.de\/?page_id=451#breadcrumb","itemListElement":[{"@type":"ListItem","position":1,"name":"Start","item":"https:\/\/kfoseelscheid.de\/"},{"@type":"ListItem","position":2,"name":"ERWACHSENE"}]},{"@type":"WebSite","@id":"https:\/\/kfoseelscheid.de\/#website","url":"https:\/\/kfoseelscheid.de\/","name":"Kieferorthop\u00e4die Seelscheid","description":"Kieferorthop\u00e4die in Seelscheid","publisher":{"@id":"https:\/\/kfoseelscheid.de\/#organization"},"potentialAction":[{"@type":"SearchAction","target":{"@type":"EntryPoint","urlTemplate":"https:\/\/kfoseelscheid.de\/?s={search_term_string}"},"query-input":{"@type":"PropertyValueSpecification","valueRequired":true,"valueName":"search_term_string"}}],"inLanguage":"de"},{"@type":"Organization","@id":"https:\/\/kfoseelscheid.de\/#organization","name":"Kieferorthop\u00e4die Seelscheid","url":"https:\/\/kfoseelscheid.de\/","logo":{"@type":"ImageObject","inLanguage":"de","@id":"https:\/\/kfoseelscheid.de\/#\/schema\/logo\/image\/","url":"https:\/\/kfoseelscheid.de\/wp-content\/uploads\/2020\/12\/web-agency-logo-3.png","contentUrl":"https:\/\/kfoseelscheid.de\/wp-content\/uploads\/2020\/12\/web-agency-logo-3.png","width":200,"height":200,"caption":"Kieferorthop\u00e4die Seelscheid"},"image":{"@id":"https:\/\/kfoseelscheid.de\/#\/schema\/logo\/image\/"}}]}},"_links":{"self":[{"href":"https:\/\/kfoseelscheid.de\/index.php?rest_route=\/wp\/v2\/pages\/451","targetHints":{"allow":["GET"]}}],"collection":[{"href":"https:\/\/kfoseelscheid.de\/index.php?rest_route=\/wp\/v2\/pages"}],"about":[{"href":"https:\/\/kfoseelscheid.de\/index.php?rest_route=\/wp\/v2\/types\/page"}],"author":[{"embeddable":true,"href":"https:\/\/kfoseelscheid.de\/index.php?rest_route=\/wp\/v2\/users\/1"}],"replies":[{"embeddable":true,"href":"https:\/\/kfoseelscheid.de\/index.php?rest_route=%2Fwp%2Fv2%2Fcomments&post=451"}],"version-history":[{"count":1,"href":"https:\/\/kfoseelscheid.de\/index.php?rest_route=\/wp\/v2\/pages\/451\/revisions"}],"predecessor-version":[{"id":452,"href":"https:\/\/kfoseelscheid.de\/index.php?rest_route=\/wp\/v2\/pages\/451\/revisions\/452"}],"wp:attachment":[{"href":"https:\/\/kfoseelscheid.de\/index.php?rest_route=%2Fwp%2Fv2%2Fmedia&parent=451"}],"curies":[{"name":"wp","href":"https:\/\/api.w.org\/{rel}","templated":true}]}}