{"id":447,"date":"2022-10-13T14:18:04","date_gmt":"2022-10-13T12:18:04","guid":{"rendered":"https:\/\/xn--kieferorthopde-seelscheid-wec.de\/?page_id=447"},"modified":"2022-10-13T14:18:05","modified_gmt":"2022-10-13T12:18:05","slug":"kinder","status":"publish","type":"page","link":"https:\/\/kfoseelscheid.de\/?page_id=447","title":{"rendered":"KINDER"},"content":{"rendered":"\n<figure class=\"wp-block-image\"><img decoding=\"async\" src=\"https:\/\/kfoseelscheid.de\/wp-content\/uploads\/2015\/09\/kinder-Fotolia-Tatyana-Gladskih-300x245-300x245.jpg\" alt=\"\"\/><\/figure>\n\n\n\n<p>Schon im Kindesalter ab 4 Jahren kann eine kieferorthop\u00e4dische Therapie sinnvoll sein. Meistens handelt es sich um eine kurze Behandlung zur Korrektur kleinerer Fehlstellungen und zur Steuerung der Kieferentwicklung. Auch bei ausgepr\u00e4gten skelettalen oder dentalen Fehlstellungen kann ein fr\u00fchzeitiger Behandlungsbeginn empfehlenswert sein.<\/p>\n\n\n\n<p>Wir empfehlen daher regelm\u00e4\u00dfige Kontrollen bei Ihrem Hauszahnarzt und ggf. auch schon eine Vorstellung beim Kieferorthop\u00e4den.<\/p>\n","protected":false},"excerpt":{"rendered":"<p>Schon im Kindesalter ab 4 Jahren kann eine kieferorthop\u00e4dische Therapie sinnvoll sein. Meistens handelt es sich um eine kurze Behandlung zur Korrektur kleinerer Fehlstellungen und zur Steuerung der Kieferentwicklung. Auch bei ausgepr\u00e4gten skelettalen oder dentalen Fehlstellungen kann ein fr\u00fchzeitiger Behandlungsbeginn empfehlenswert sein. Wir empfehlen daher regelm\u00e4\u00dfige Kontrollen bei Ihrem Hauszahnarzt und ggf. auch schon eine&hellip;&nbsp;<a href=\"https:\/\/kfoseelscheid.de\/?page_id=447\" rel=\"bookmark\">Weiterlesen &raquo;<span class=\"screen-reader-text\">KINDER<\/span><\/a><\/p>\n","protected":false},"author":1,"featured_media":0,"parent":0,"menu_order":0,"comment_status":"closed","ping_status":"closed","template":"","meta":{"neve_meta_sidebar":"","neve_meta_container":"","neve_meta_enable_content_width":"","neve_meta_content_width":0,"neve_meta_title_alignment":"","neve_meta_author_avatar":"","neve_post_elements_order":"","neve_meta_disable_header":"","neve_meta_disable_footer":"","neve_meta_disable_title":"","footnotes":""},"class_list":["post-447","page","type-page","status-publish","hentry"],"yoast_head":"<!-- This site is optimized with the Yoast SEO plugin v27.4 - https:\/\/yoast.com\/product\/yoast-seo-wordpress\/ -->\n<title>KINDER - Kieferorthop\u00e4die Seelscheid<\/title>\n<meta name=\"robots\" content=\"index, follow, max-snippet:-1, max-image-preview:large, max-video-preview:-1\" \/>\n<link rel=\"canonical\" href=\"https:\/\/kfoseelscheid.de\/?page_id=447\" \/>\n<meta property=\"og:locale\" content=\"de_DE\" \/>\n<meta property=\"og:type\" content=\"article\" \/>\n<meta property=\"og:title\" content=\"KINDER - Kieferorthop\u00e4die Seelscheid\" \/>\n<meta property=\"og:description\" content=\"Schon im Kindesalter ab 4 Jahren kann eine kieferorthop\u00e4dische Therapie sinnvoll sein. Meistens handelt es sich um eine kurze Behandlung zur Korrektur kleinerer Fehlstellungen und zur Steuerung der Kieferentwicklung. Auch bei ausgepr\u00e4gten skelettalen oder dentalen Fehlstellungen kann ein fr\u00fchzeitiger Behandlungsbeginn empfehlenswert sein. Wir empfehlen daher regelm\u00e4\u00dfige Kontrollen bei Ihrem Hauszahnarzt und ggf. auch schon eine&hellip;&nbsp;Weiterlesen &raquo;KINDER\" \/>\n<meta property=\"og:url\" content=\"https:\/\/kfoseelscheid.de\/?page_id=447\" \/>\n<meta property=\"og:site_name\" content=\"Kieferorthop\u00e4die Seelscheid\" \/>\n<meta property=\"article:modified_time\" content=\"2022-10-13T12:18:05+00:00\" \/>\n<meta property=\"og:image\" content=\"https:\/\/kfoseelscheid.de\/wp-content\/uploads\/2015\/09\/kinder-Fotolia-Tatyana-Gladskih-300x245-300x245.jpg\" \/>\n<meta name=\"twitter:card\" content=\"summary_large_image\" \/>\n<script type=\"application\/ld+json\" class=\"yoast-schema-graph\">{\"@context\":\"https:\\\/\\\/schema.org\",\"@graph\":[{\"@type\":\"WebPage\",\"@id\":\"https:\\\/\\\/kfoseelscheid.de\\\/?page_id=447\",\"url\":\"https:\\\/\\\/kfoseelscheid.de\\\/?page_id=447\",\"name\":\"KINDER - Kieferorthop\u00e4die Seelscheid\",\"isPartOf\":{\"@id\":\"https:\\\/\\\/kfoseelscheid.de\\\/#website\"},\"primaryImageOfPage\":{\"@id\":\"https:\\\/\\\/kfoseelscheid.de\\\/?page_id=447#primaryimage\"},\"image\":{\"@id\":\"https:\\\/\\\/kfoseelscheid.de\\\/?page_id=447#primaryimage\"},\"thumbnailUrl\":\"https:\\\/\\\/kfoseelscheid.de\\\/wp-content\\\/uploads\\\/2015\\\/09\\\/kinder-Fotolia-Tatyana-Gladskih-300x245-300x245.jpg\",\"datePublished\":\"2022-10-13T12:18:04+00:00\",\"dateModified\":\"2022-10-13T12:18:05+00:00\",\"breadcrumb\":{\"@id\":\"https:\\\/\\\/kfoseelscheid.de\\\/?page_id=447#breadcrumb\"},\"inLanguage\":\"de\",\"potentialAction\":[{\"@type\":\"ReadAction\",\"target\":[\"https:\\\/\\\/kfoseelscheid.de\\\/?page_id=447\"]}]},{\"@type\":\"ImageObject\",\"inLanguage\":\"de\",\"@id\":\"https:\\\/\\\/kfoseelscheid.de\\\/?page_id=447#primaryimage\",\"url\":\"https:\\\/\\\/kfoseelscheid.de\\\/wp-content\\\/uploads\\\/2015\\\/09\\\/kinder-Fotolia-Tatyana-Gladskih-300x245-300x245.jpg\",\"contentUrl\":\"https:\\\/\\\/kfoseelscheid.de\\\/wp-content\\\/uploads\\\/2015\\\/09\\\/kinder-Fotolia-Tatyana-Gladskih-300x245-300x245.jpg\"},{\"@type\":\"BreadcrumbList\",\"@id\":\"https:\\\/\\\/kfoseelscheid.de\\\/?page_id=447#breadcrumb\",\"itemListElement\":[{\"@type\":\"ListItem\",\"position\":1,\"name\":\"Start\",\"item\":\"https:\\\/\\\/kfoseelscheid.de\\\/\"},{\"@type\":\"ListItem\",\"position\":2,\"name\":\"KINDER\"}]},{\"@type\":\"WebSite\",\"@id\":\"https:\\\/\\\/kfoseelscheid.de\\\/#website\",\"url\":\"https:\\\/\\\/kfoseelscheid.de\\\/\",\"name\":\"Kieferorthop\u00e4die Seelscheid\",\"description\":\"Kieferorthop\u00e4die in Seelscheid\",\"publisher\":{\"@id\":\"https:\\\/\\\/kfoseelscheid.de\\\/#organization\"},\"potentialAction\":[{\"@type\":\"SearchAction\",\"target\":{\"@type\":\"EntryPoint\",\"urlTemplate\":\"https:\\\/\\\/kfoseelscheid.de\\\/?s={search_term_string}\"},\"query-input\":{\"@type\":\"PropertyValueSpecification\",\"valueRequired\":true,\"valueName\":\"search_term_string\"}}],\"inLanguage\":\"de\"},{\"@type\":\"Organization\",\"@id\":\"https:\\\/\\\/kfoseelscheid.de\\\/#organization\",\"name\":\"Kieferorthop\u00e4die Seelscheid\",\"url\":\"https:\\\/\\\/kfoseelscheid.de\\\/\",\"logo\":{\"@type\":\"ImageObject\",\"inLanguage\":\"de\",\"@id\":\"https:\\\/\\\/kfoseelscheid.de\\\/#\\\/schema\\\/logo\\\/image\\\/\",\"url\":\"https:\\\/\\\/kfoseelscheid.de\\\/wp-content\\\/uploads\\\/2020\\\/12\\\/web-agency-logo-3.png\",\"contentUrl\":\"https:\\\/\\\/kfoseelscheid.de\\\/wp-content\\\/uploads\\\/2020\\\/12\\\/web-agency-logo-3.png\",\"width\":200,\"height\":200,\"caption\":\"Kieferorthop\u00e4die Seelscheid\"},\"image\":{\"@id\":\"https:\\\/\\\/kfoseelscheid.de\\\/#\\\/schema\\\/logo\\\/image\\\/\"}}]}<\/script>\n<!-- \/ Yoast SEO plugin. -->","yoast_head_json":{"title":"KINDER - Kieferorthop\u00e4die Seelscheid","robots":{"index":"index","follow":"follow","max-snippet":"max-snippet:-1","max-image-preview":"max-image-preview:large","max-video-preview":"max-video-preview:-1"},"canonical":"https:\/\/kfoseelscheid.de\/?page_id=447","og_locale":"de_DE","og_type":"article","og_title":"KINDER - Kieferorthop\u00e4die Seelscheid","og_description":"Schon im Kindesalter ab 4 Jahren kann eine kieferorthop\u00e4dische Therapie sinnvoll sein. Meistens handelt es sich um eine kurze Behandlung zur Korrektur kleinerer Fehlstellungen und zur Steuerung der Kieferentwicklung. Auch bei ausgepr\u00e4gten skelettalen oder dentalen Fehlstellungen kann ein fr\u00fchzeitiger Behandlungsbeginn empfehlenswert sein. Wir empfehlen daher regelm\u00e4\u00dfige Kontrollen bei Ihrem Hauszahnarzt und ggf. auch schon eine&hellip;&nbsp;Weiterlesen &raquo;KINDER","og_url":"https:\/\/kfoseelscheid.de\/?page_id=447","og_site_name":"Kieferorthop\u00e4die Seelscheid","article_modified_time":"2022-10-13T12:18:05+00:00","og_image":[{"url":"https:\/\/kfoseelscheid.de\/wp-content\/uploads\/2015\/09\/kinder-Fotolia-Tatyana-Gladskih-300x245-300x245.jpg","type":"","width":"","height":""}],"twitter_card":"summary_large_image","schema":{"@context":"https:\/\/schema.org","@graph":[{"@type":"WebPage","@id":"https:\/\/kfoseelscheid.de\/?page_id=447","url":"https:\/\/kfoseelscheid.de\/?page_id=447","name":"KINDER - Kieferorthop\u00e4die Seelscheid","isPartOf":{"@id":"https:\/\/kfoseelscheid.de\/#website"},"primaryImageOfPage":{"@id":"https:\/\/kfoseelscheid.de\/?page_id=447#primaryimage"},"image":{"@id":"https:\/\/kfoseelscheid.de\/?page_id=447#primaryimage"},"thumbnailUrl":"https:\/\/kfoseelscheid.de\/wp-content\/uploads\/2015\/09\/kinder-Fotolia-Tatyana-Gladskih-300x245-300x245.jpg","datePublished":"2022-10-13T12:18:04+00:00","dateModified":"2022-10-13T12:18:05+00:00","breadcrumb":{"@id":"https:\/\/kfoseelscheid.de\/?page_id=447#breadcrumb"},"inLanguage":"de","potentialAction":[{"@type":"ReadAction","target":["https:\/\/kfoseelscheid.de\/?page_id=447"]}]},{"@type":"ImageObject","inLanguage":"de","@id":"https:\/\/kfoseelscheid.de\/?page_id=447#primaryimage","url":"https:\/\/kfoseelscheid.de\/wp-content\/uploads\/2015\/09\/kinder-Fotolia-Tatyana-Gladskih-300x245-300x245.jpg","contentUrl":"https:\/\/kfoseelscheid.de\/wp-content\/uploads\/2015\/09\/kinder-Fotolia-Tatyana-Gladskih-300x245-300x245.jpg"},{"@type":"BreadcrumbList","@id":"https:\/\/kfoseelscheid.de\/?page_id=447#breadcrumb","itemListElement":[{"@type":"ListItem","position":1,"name":"Start","item":"https:\/\/kfoseelscheid.de\/"},{"@type":"ListItem","position":2,"name":"KINDER"}]},{"@type":"WebSite","@id":"https:\/\/kfoseelscheid.de\/#website","url":"https:\/\/kfoseelscheid.de\/","name":"Kieferorthop\u00e4die Seelscheid","description":"Kieferorthop\u00e4die in Seelscheid","publisher":{"@id":"https:\/\/kfoseelscheid.de\/#organization"},"potentialAction":[{"@type":"SearchAction","target":{"@type":"EntryPoint","urlTemplate":"https:\/\/kfoseelscheid.de\/?s={search_term_string}"},"query-input":{"@type":"PropertyValueSpecification","valueRequired":true,"valueName":"search_term_string"}}],"inLanguage":"de"},{"@type":"Organization","@id":"https:\/\/kfoseelscheid.de\/#organization","name":"Kieferorthop\u00e4die Seelscheid","url":"https:\/\/kfoseelscheid.de\/","logo":{"@type":"ImageObject","inLanguage":"de","@id":"https:\/\/kfoseelscheid.de\/#\/schema\/logo\/image\/","url":"https:\/\/kfoseelscheid.de\/wp-content\/uploads\/2020\/12\/web-agency-logo-3.png","contentUrl":"https:\/\/kfoseelscheid.de\/wp-content\/uploads\/2020\/12\/web-agency-logo-3.png","width":200,"height":200,"caption":"Kieferorthop\u00e4die Seelscheid"},"image":{"@id":"https:\/\/kfoseelscheid.de\/#\/schema\/logo\/image\/"}}]}},"_links":{"self":[{"href":"https:\/\/kfoseelscheid.de\/index.php?rest_route=\/wp\/v2\/pages\/447","targetHints":{"allow":["GET"]}}],"collection":[{"href":"https:\/\/kfoseelscheid.de\/index.php?rest_route=\/wp\/v2\/pages"}],"about":[{"href":"https:\/\/kfoseelscheid.de\/index.php?rest_route=\/wp\/v2\/types\/page"}],"author":[{"embeddable":true,"href":"https:\/\/kfoseelscheid.de\/index.php?rest_route=\/wp\/v2\/users\/1"}],"replies":[{"embeddable":true,"href":"https:\/\/kfoseelscheid.de\/index.php?rest_route=%2Fwp%2Fv2%2Fcomments&post=447"}],"version-history":[{"count":1,"href":"https:\/\/kfoseelscheid.de\/index.php?rest_route=\/wp\/v2\/pages\/447\/revisions"}],"predecessor-version":[{"id":448,"href":"https:\/\/kfoseelscheid.de\/index.php?rest_route=\/wp\/v2\/pages\/447\/revisions\/448"}],"wp:attachment":[{"href":"https:\/\/kfoseelscheid.de\/index.php?rest_route=%2Fwp%2Fv2%2Fmedia&parent=447"}],"curies":[{"name":"wp","href":"https:\/\/api.w.org\/{rel}","templated":true}]}}