{"id":401,"date":"2022-10-11T10:39:04","date_gmt":"2022-10-11T08:39:04","guid":{"rendered":"https:\/\/xn--kieferorthopde-seelscheid-wec.de\/?page_id=401"},"modified":"2022-10-11T10:39:04","modified_gmt":"2022-10-11T08:39:04","slug":"aerzte","status":"publish","type":"page","link":"https:\/\/kfoseelscheid.de\/?page_id=401","title":{"rendered":"\u00c4RZTE"},"content":{"rendered":"\n<figure class=\"wp-block-image\"><img decoding=\"async\" src=\"https:\/\/kfoseelscheid.de\/wp-content\/uploads\/2015\/01\/AnneGyr-300x300.jpg\" alt=\"\"\/><\/figure>\n\n\n\n<h3 class=\"wp-block-heading\">DR. ANNE GYR<\/h3>\n\n\n\n<h5 class=\"wp-block-heading\">Fachzahn\u00e4rztin F\u00fcr Kieferorthop\u00e4die<\/h5>\n\n\n\n<p>Frau Dr. Anne Gyr studierte Zahnmedizin an der Rheinischen Friedrich-Wilhelms-Universit\u00e4t Bonn, wo sie 2004 das Staatsexamen abschloss und ihre Approbation erlangte. 2007 beendete Dr. Gyr ihre Promotion zum Thema \u201eStatische und Dynamische Immersionstests an kieferorthop\u00e4dischen Dr\u00e4hten und NiTi-Schichtverbunden\u201c mit magna cum laude. Es folgte die Ernennung zur Kieferorthop\u00e4din im Jahr 2011 und Anstellungen in verschiedenen kieferorthop\u00e4dischen Praxen sowie an der Universit\u00e4tsklinik des Saarlandes unter Prof. Dr. J\u00f6rg Lisson. Zu ihrem Portfolio geh\u00f6ren dar\u00fcber hinaus zahlreiche wissenschaftliche Publikationen auf dem Gebiet der Kieferorthop\u00e4die. Frau Dr. Gyr bereichert unsere Praxis durch ihre langj\u00e4hrige Erfahrung im Bereich der Kinder- und Erwachsenenbehandlung und freut sich darauf, f\u00fcr ihre Patienten da zu sein.<\/p>\n\n\n\n<h3 class=\"wp-block-heading\">DR. KATHARINA K\u00dcPPER-WOLF<\/h3>\n\n\n\n<p><em>Fachzahn\u00e4rztin f\u00fcr Kieferorthop\u00e4die<\/em><\/p>\n\n\n\n<figure class=\"wp-block-image\"><img decoding=\"async\" src=\"https:\/\/kfoseelscheid.de\/wp-content\/uploads\/2015\/01\/dr_katharina_kuepper_mitrand-262x262.jpg\" alt=\"\"\/><\/figure>\n\n\n\n<p><strong>Frau Dr. med. dent. Katharina K\u00fcpper-Wolf<\/strong>&nbsp;absolvierte das Studium der Zahnheilkunde an der Universit\u00e4t Bonn. Sie promovierte im Fachgebiet der Zahnerhaltung und absolvierte eine umfangreiche Ausbildung zur Fachzahn\u00e4rztin f\u00fcr Kieferorthop\u00e4die in der kieferorthop\u00e4dischen Fachpraxis Dr. Ines Graf in K\u00f6ln sowie an der Poliklinik f\u00fcr Kieferorthop\u00e4die der Universit\u00e4t K\u00f6ln unter Prof. Dr. Braumann. An der Uniklinik leitete Frau Dr. K\u00fcpper-Wolf zuletzt die interdisziplin\u00e4re Sprechstunde f\u00fcr Patienten mit Fehlbildungen von Lippe, Kiefer und Gaumen. Sie engagierte sich zudem wissenschaftlich mit einigen Beitr\u00e4gen bei internationalen Kongressen und Ver\u00f6ffentlichungen in Fachzeitschriften. W\u00e4hrend und im Anschluss an ihre T\u00e4tigkeit an der Uniklinik K\u00f6ln arbeitete Frau Dr. K\u00fcpper-Wolf als angestellte Kieferorthop\u00e4din in der Fachpraxis Dr. Christian Kim in Bonn. W\u00e4hrend ihrer bisherigen beruflichen Laufbahn hat sich Frau Dr. K\u00fcpper-Wolf neben dem Einsatz traditioneller kieferorthop\u00e4discher Behandlungsmethoden f\u00fcr Kinder und Jungendliche auch auf die Therapie mit unsichtbaren Behandlungsger\u00e4ten f\u00fcr Kinder und Erwachsene spezialisiert. Hierzu z\u00e4hlt u.a. die Zertifizierung zur Therapie mit lingualen, \u201einnen liegenden\u201c Zahnspangen, durchsichtigen Schienen (Invisalign) sowie der Einsatz von modernen Systemen zur skelettalen Verankerung bei der Behandlung komplexer Fehlbisse. Von 2015-2017 nahm Frau Dr. K\u00fcpper-Wolf berufsbegleitend am zweij\u00e4hrigen internationalen Masterstudiengang f\u00fcr linguale Kieferorthop\u00e4die an der Medizinischen Hochschule Hannover teil und verf\u00fcgt dadurch \u00fcber eine sehr hohe fachliche Expertise auf dem Gebiet der lingualen Kieferorthop\u00e4die.<\/p>\n","protected":false},"excerpt":{"rendered":"<p>DR. ANNE GYR Fachzahn\u00e4rztin F\u00fcr Kieferorthop\u00e4die Frau Dr. Anne Gyr studierte Zahnmedizin an der Rheinischen Friedrich-Wilhelms-Universit\u00e4t Bonn, wo sie 2004 das Staatsexamen abschloss und ihre Approbation erlangte. 2007 beendete Dr. Gyr ihre Promotion zum Thema \u201eStatische und Dynamische Immersionstests an kieferorthop\u00e4dischen Dr\u00e4hten und NiTi-Schichtverbunden\u201c mit magna cum laude. Es folgte die Ernennung zur Kieferorthop\u00e4din im&hellip;&nbsp;<a href=\"https:\/\/kfoseelscheid.de\/?page_id=401\" rel=\"bookmark\">Weiterlesen &raquo;<span class=\"screen-reader-text\">\u00c4RZTE<\/span><\/a><\/p>\n","protected":false},"author":1,"featured_media":0,"parent":0,"menu_order":0,"comment_status":"closed","ping_status":"closed","template":"","meta":{"neve_meta_sidebar":"","neve_meta_container":"","neve_meta_enable_content_width":"","neve_meta_content_width":0,"neve_meta_title_alignment":"","neve_meta_author_avatar":"","neve_post_elements_order":"","neve_meta_disable_header":"","neve_meta_disable_footer":"","neve_meta_disable_title":"","footnotes":""},"class_list":["post-401","page","type-page","status-publish","hentry"],"yoast_head":"<!-- This site is optimized with the Yoast SEO plugin v27.4 - https:\/\/yoast.com\/product\/yoast-seo-wordpress\/ -->\n<title>\u00c4RZTE - Kieferorthop\u00e4die Seelscheid<\/title>\n<meta name=\"robots\" content=\"index, follow, max-snippet:-1, max-image-preview:large, max-video-preview:-1\" \/>\n<link rel=\"canonical\" href=\"https:\/\/kfoseelscheid.de\/?page_id=401\" \/>\n<meta property=\"og:locale\" content=\"de_DE\" \/>\n<meta property=\"og:type\" content=\"article\" \/>\n<meta property=\"og:title\" content=\"\u00c4RZTE - Kieferorthop\u00e4die Seelscheid\" \/>\n<meta property=\"og:description\" content=\"DR. ANNE GYR Fachzahn\u00e4rztin F\u00fcr Kieferorthop\u00e4die Frau Dr. Anne Gyr studierte Zahnmedizin an der Rheinischen Friedrich-Wilhelms-Universit\u00e4t Bonn, wo sie 2004 das Staatsexamen abschloss und ihre Approbation erlangte. 2007 beendete Dr. Gyr ihre Promotion zum Thema \u201eStatische und Dynamische Immersionstests an kieferorthop\u00e4dischen Dr\u00e4hten und NiTi-Schichtverbunden\u201c mit magna cum laude. Es folgte die Ernennung zur Kieferorthop\u00e4din im&hellip;&nbsp;Weiterlesen &raquo;\u00c4RZTE\" \/>\n<meta property=\"og:url\" content=\"https:\/\/kfoseelscheid.de\/?page_id=401\" \/>\n<meta property=\"og:site_name\" content=\"Kieferorthop\u00e4die Seelscheid\" \/>\n<meta property=\"og:image\" content=\"https:\/\/kfoseelscheid.de\/wp-content\/uploads\/2015\/01\/AnneGyr-300x300.jpg\" \/>\n<meta name=\"twitter:card\" content=\"summary_large_image\" \/>\n<meta name=\"twitter:label1\" content=\"Gesch\u00e4tzte Lesezeit\" \/>\n\t<meta name=\"twitter:data1\" content=\"2\u00a0Minuten\" \/>\n<script type=\"application\/ld+json\" class=\"yoast-schema-graph\">{\"@context\":\"https:\\\/\\\/schema.org\",\"@graph\":[{\"@type\":\"WebPage\",\"@id\":\"https:\\\/\\\/kfoseelscheid.de\\\/?page_id=401\",\"url\":\"https:\\\/\\\/kfoseelscheid.de\\\/?page_id=401\",\"name\":\"\u00c4RZTE - Kieferorthop\u00e4die Seelscheid\",\"isPartOf\":{\"@id\":\"https:\\\/\\\/kfoseelscheid.de\\\/#website\"},\"primaryImageOfPage\":{\"@id\":\"https:\\\/\\\/kfoseelscheid.de\\\/?page_id=401#primaryimage\"},\"image\":{\"@id\":\"https:\\\/\\\/kfoseelscheid.de\\\/?page_id=401#primaryimage\"},\"thumbnailUrl\":\"https:\\\/\\\/kfoseelscheid.de\\\/wp-content\\\/uploads\\\/2015\\\/01\\\/AnneGyr-300x300.jpg\",\"datePublished\":\"2022-10-11T08:39:04+00:00\",\"breadcrumb\":{\"@id\":\"https:\\\/\\\/kfoseelscheid.de\\\/?page_id=401#breadcrumb\"},\"inLanguage\":\"de\",\"potentialAction\":[{\"@type\":\"ReadAction\",\"target\":[\"https:\\\/\\\/kfoseelscheid.de\\\/?page_id=401\"]}]},{\"@type\":\"ImageObject\",\"inLanguage\":\"de\",\"@id\":\"https:\\\/\\\/kfoseelscheid.de\\\/?page_id=401#primaryimage\",\"url\":\"https:\\\/\\\/kfoseelscheid.de\\\/wp-content\\\/uploads\\\/2015\\\/01\\\/AnneGyr-300x300.jpg\",\"contentUrl\":\"https:\\\/\\\/kfoseelscheid.de\\\/wp-content\\\/uploads\\\/2015\\\/01\\\/AnneGyr-300x300.jpg\"},{\"@type\":\"BreadcrumbList\",\"@id\":\"https:\\\/\\\/kfoseelscheid.de\\\/?page_id=401#breadcrumb\",\"itemListElement\":[{\"@type\":\"ListItem\",\"position\":1,\"name\":\"Start\",\"item\":\"https:\\\/\\\/kfoseelscheid.de\\\/\"},{\"@type\":\"ListItem\",\"position\":2,\"name\":\"\u00c4RZTE\"}]},{\"@type\":\"WebSite\",\"@id\":\"https:\\\/\\\/kfoseelscheid.de\\\/#website\",\"url\":\"https:\\\/\\\/kfoseelscheid.de\\\/\",\"name\":\"Kieferorthop\u00e4die Seelscheid\",\"description\":\"Kieferorthop\u00e4die in Seelscheid\",\"publisher\":{\"@id\":\"https:\\\/\\\/kfoseelscheid.de\\\/#organization\"},\"potentialAction\":[{\"@type\":\"SearchAction\",\"target\":{\"@type\":\"EntryPoint\",\"urlTemplate\":\"https:\\\/\\\/kfoseelscheid.de\\\/?s={search_term_string}\"},\"query-input\":{\"@type\":\"PropertyValueSpecification\",\"valueRequired\":true,\"valueName\":\"search_term_string\"}}],\"inLanguage\":\"de\"},{\"@type\":\"Organization\",\"@id\":\"https:\\\/\\\/kfoseelscheid.de\\\/#organization\",\"name\":\"Kieferorthop\u00e4die Seelscheid\",\"url\":\"https:\\\/\\\/kfoseelscheid.de\\\/\",\"logo\":{\"@type\":\"ImageObject\",\"inLanguage\":\"de\",\"@id\":\"https:\\\/\\\/kfoseelscheid.de\\\/#\\\/schema\\\/logo\\\/image\\\/\",\"url\":\"https:\\\/\\\/kfoseelscheid.de\\\/wp-content\\\/uploads\\\/2020\\\/12\\\/web-agency-logo-3.png\",\"contentUrl\":\"https:\\\/\\\/kfoseelscheid.de\\\/wp-content\\\/uploads\\\/2020\\\/12\\\/web-agency-logo-3.png\",\"width\":200,\"height\":200,\"caption\":\"Kieferorthop\u00e4die Seelscheid\"},\"image\":{\"@id\":\"https:\\\/\\\/kfoseelscheid.de\\\/#\\\/schema\\\/logo\\\/image\\\/\"}}]}<\/script>\n<!-- \/ Yoast SEO plugin. -->","yoast_head_json":{"title":"\u00c4RZTE - Kieferorthop\u00e4die Seelscheid","robots":{"index":"index","follow":"follow","max-snippet":"max-snippet:-1","max-image-preview":"max-image-preview:large","max-video-preview":"max-video-preview:-1"},"canonical":"https:\/\/kfoseelscheid.de\/?page_id=401","og_locale":"de_DE","og_type":"article","og_title":"\u00c4RZTE - Kieferorthop\u00e4die Seelscheid","og_description":"DR. ANNE GYR Fachzahn\u00e4rztin F\u00fcr Kieferorthop\u00e4die Frau Dr. Anne Gyr studierte Zahnmedizin an der Rheinischen Friedrich-Wilhelms-Universit\u00e4t Bonn, wo sie 2004 das Staatsexamen abschloss und ihre Approbation erlangte. 2007 beendete Dr. Gyr ihre Promotion zum Thema \u201eStatische und Dynamische Immersionstests an kieferorthop\u00e4dischen Dr\u00e4hten und NiTi-Schichtverbunden\u201c mit magna cum laude. Es folgte die Ernennung zur Kieferorthop\u00e4din im&hellip;&nbsp;Weiterlesen &raquo;\u00c4RZTE","og_url":"https:\/\/kfoseelscheid.de\/?page_id=401","og_site_name":"Kieferorthop\u00e4die Seelscheid","og_image":[{"url":"https:\/\/kfoseelscheid.de\/wp-content\/uploads\/2015\/01\/AnneGyr-300x300.jpg","type":"","width":"","height":""}],"twitter_card":"summary_large_image","twitter_misc":{"Gesch\u00e4tzte Lesezeit":"2\u00a0Minuten"},"schema":{"@context":"https:\/\/schema.org","@graph":[{"@type":"WebPage","@id":"https:\/\/kfoseelscheid.de\/?page_id=401","url":"https:\/\/kfoseelscheid.de\/?page_id=401","name":"\u00c4RZTE - Kieferorthop\u00e4die Seelscheid","isPartOf":{"@id":"https:\/\/kfoseelscheid.de\/#website"},"primaryImageOfPage":{"@id":"https:\/\/kfoseelscheid.de\/?page_id=401#primaryimage"},"image":{"@id":"https:\/\/kfoseelscheid.de\/?page_id=401#primaryimage"},"thumbnailUrl":"https:\/\/kfoseelscheid.de\/wp-content\/uploads\/2015\/01\/AnneGyr-300x300.jpg","datePublished":"2022-10-11T08:39:04+00:00","breadcrumb":{"@id":"https:\/\/kfoseelscheid.de\/?page_id=401#breadcrumb"},"inLanguage":"de","potentialAction":[{"@type":"ReadAction","target":["https:\/\/kfoseelscheid.de\/?page_id=401"]}]},{"@type":"ImageObject","inLanguage":"de","@id":"https:\/\/kfoseelscheid.de\/?page_id=401#primaryimage","url":"https:\/\/kfoseelscheid.de\/wp-content\/uploads\/2015\/01\/AnneGyr-300x300.jpg","contentUrl":"https:\/\/kfoseelscheid.de\/wp-content\/uploads\/2015\/01\/AnneGyr-300x300.jpg"},{"@type":"BreadcrumbList","@id":"https:\/\/kfoseelscheid.de\/?page_id=401#breadcrumb","itemListElement":[{"@type":"ListItem","position":1,"name":"Start","item":"https:\/\/kfoseelscheid.de\/"},{"@type":"ListItem","position":2,"name":"\u00c4RZTE"}]},{"@type":"WebSite","@id":"https:\/\/kfoseelscheid.de\/#website","url":"https:\/\/kfoseelscheid.de\/","name":"Kieferorthop\u00e4die Seelscheid","description":"Kieferorthop\u00e4die in Seelscheid","publisher":{"@id":"https:\/\/kfoseelscheid.de\/#organization"},"potentialAction":[{"@type":"SearchAction","target":{"@type":"EntryPoint","urlTemplate":"https:\/\/kfoseelscheid.de\/?s={search_term_string}"},"query-input":{"@type":"PropertyValueSpecification","valueRequired":true,"valueName":"search_term_string"}}],"inLanguage":"de"},{"@type":"Organization","@id":"https:\/\/kfoseelscheid.de\/#organization","name":"Kieferorthop\u00e4die Seelscheid","url":"https:\/\/kfoseelscheid.de\/","logo":{"@type":"ImageObject","inLanguage":"de","@id":"https:\/\/kfoseelscheid.de\/#\/schema\/logo\/image\/","url":"https:\/\/kfoseelscheid.de\/wp-content\/uploads\/2020\/12\/web-agency-logo-3.png","contentUrl":"https:\/\/kfoseelscheid.de\/wp-content\/uploads\/2020\/12\/web-agency-logo-3.png","width":200,"height":200,"caption":"Kieferorthop\u00e4die Seelscheid"},"image":{"@id":"https:\/\/kfoseelscheid.de\/#\/schema\/logo\/image\/"}}]}},"_links":{"self":[{"href":"https:\/\/kfoseelscheid.de\/index.php?rest_route=\/wp\/v2\/pages\/401","targetHints":{"allow":["GET"]}}],"collection":[{"href":"https:\/\/kfoseelscheid.de\/index.php?rest_route=\/wp\/v2\/pages"}],"about":[{"href":"https:\/\/kfoseelscheid.de\/index.php?rest_route=\/wp\/v2\/types\/page"}],"author":[{"embeddable":true,"href":"https:\/\/kfoseelscheid.de\/index.php?rest_route=\/wp\/v2\/users\/1"}],"replies":[{"embeddable":true,"href":"https:\/\/kfoseelscheid.de\/index.php?rest_route=%2Fwp%2Fv2%2Fcomments&post=401"}],"version-history":[{"count":1,"href":"https:\/\/kfoseelscheid.de\/index.php?rest_route=\/wp\/v2\/pages\/401\/revisions"}],"predecessor-version":[{"id":402,"href":"https:\/\/kfoseelscheid.de\/index.php?rest_route=\/wp\/v2\/pages\/401\/revisions\/402"}],"wp:attachment":[{"href":"https:\/\/kfoseelscheid.de\/index.php?rest_route=%2Fwp%2Fv2%2Fmedia&parent=401"}],"curies":[{"name":"wp","href":"https:\/\/api.w.org\/{rel}","templated":true}]}}