{"id":399,"date":"2022-10-11T10:38:29","date_gmt":"2022-10-11T08:38:29","guid":{"rendered":"https:\/\/xn--kieferorthopde-seelscheid-wec.de\/?page_id=399"},"modified":"2022-10-11T10:38:30","modified_gmt":"2022-10-11T08:38:30","slug":"praxisphilosophie","status":"publish","type":"page","link":"https:\/\/kfoseelscheid.de\/?page_id=399","title":{"rendered":"PRAXISPHILOSOPHIE"},"content":{"rendered":"\n<figure class=\"wp-block-image\"><img decoding=\"async\" src=\"https:\/\/kfoseelscheid.de\/wp-content\/uploads\/2016\/10\/Praxisphilosophie-300x200.jpg\" alt=\"\"\/><\/figure>\n\n\n\n<p><strong>Ihr Lachen liegt uns am Herzen<\/strong><br>Es ist selbstverst\u00e4ndlich, dass wir deshalb f\u00fcr jeden Patienten ausreichend Zeit f\u00fcr ein beratendes Gespr\u00e4ch einplanen. Die individuellen Bed\u00fcrfnisse unserer Patienten stehen bei diesem Beratungsgespr\u00e4ch im Mittelpunkt. Es ist immer ausreichend Zeit vorhanden, all Ihre Fragen zu beantworten und auf eventuelle Anliegen oder Sorgen einzugehen.<\/p>\n\n\n\n<p><strong>Informierte Patienten<\/strong><br>Es ist uns wichtig, dass unsere Patienten schon vor Beginn der Therapie verstehen, wie die kieferorthop\u00e4dische Behandlung abl\u00e4uft. Da wir f\u00fcr jeden unserer Patienten ein individuelles Therapiekonzept erstellen, planen wir vor Beginn der Behandlung ein ausf\u00fchrliches Gespr\u00e4ch mit Ihnen, in dem die Befunde und die Therapie ausf\u00fchrlich erkl\u00e4rt werden. Dabei sollen keine Fragen offen bleiben. Auch eine Kostentransparenz ist in diesem Zusammenhang f\u00fcr uns von gro\u00dfer Bedeutung.<\/p>\n\n\n\n<p><strong>Moderne Behandlung<\/strong><br>Regelm\u00e4\u00dfige Fortbildungen des Teams gew\u00e4hrleisten, dass wir Ihnen jederzeit die modernsten Behandlungstechniken anbieten k\u00f6nnen und gleichzeitig bew\u00e4hrte Behandlungsmethoden optimieren.<br>Bei der Therapieplanung und Behandlung unserer Patienten setzten wir auf eine hochmoderne technische Ausstattung, um das bestm\u00f6gliche Ergebnis f\u00fcr Sie zu erzielen.<\/p>\n\n\n\n<p><strong>Teamwork<\/strong><br>Wir sind davon \u00fcberzeugt, dass eine ausgezeichnete Zusammenarbeit von Patient, Zahnarzt und Kieferorthop\u00e4de ma\u00dfgeblich zu einem guten und langfristig stabilen Ergebnis beitr\u00e4gt.<br>Der fachliche Dialog mit Ihrem Zahnarzt ist daher von Beginn an zentraler Bestandteil unserer Arbeit.<\/p>\n\n\n\n<p><strong>Durch pr\u00e4zise Planung, exaktes Vorgehen und Liebe zum Detail geben wir jeden Tag unser Bestes f\u00fcr unsere Patienten das Beste zu erreichen.<\/strong><\/p>\n","protected":false},"excerpt":{"rendered":"<p>Ihr Lachen liegt uns am HerzenEs ist selbstverst\u00e4ndlich, dass wir deshalb f\u00fcr jeden Patienten ausreichend Zeit f\u00fcr ein beratendes Gespr\u00e4ch einplanen. Die individuellen Bed\u00fcrfnisse unserer Patienten stehen bei diesem Beratungsgespr\u00e4ch im Mittelpunkt. Es ist immer ausreichend Zeit vorhanden, all Ihre Fragen zu beantworten und auf eventuelle Anliegen oder Sorgen einzugehen. Informierte PatientenEs ist uns wichtig,&hellip;&nbsp;<a href=\"https:\/\/kfoseelscheid.de\/?page_id=399\" rel=\"bookmark\">Weiterlesen &raquo;<span class=\"screen-reader-text\">PRAXISPHILOSOPHIE<\/span><\/a><\/p>\n","protected":false},"author":1,"featured_media":0,"parent":0,"menu_order":0,"comment_status":"closed","ping_status":"closed","template":"","meta":{"neve_meta_sidebar":"","neve_meta_container":"","neve_meta_enable_content_width":"","neve_meta_content_width":0,"neve_meta_title_alignment":"","neve_meta_author_avatar":"","neve_post_elements_order":"","neve_meta_disable_header":"","neve_meta_disable_footer":"","neve_meta_disable_title":"","footnotes":""},"class_list":["post-399","page","type-page","status-publish","hentry"],"yoast_head":"<!-- This site is optimized with the Yoast SEO plugin v27.4 - https:\/\/yoast.com\/product\/yoast-seo-wordpress\/ -->\n<title>PRAXISPHILOSOPHIE - Kieferorthop\u00e4die Seelscheid<\/title>\n<meta name=\"robots\" content=\"index, follow, max-snippet:-1, max-image-preview:large, max-video-preview:-1\" \/>\n<link rel=\"canonical\" href=\"https:\/\/kfoseelscheid.de\/?page_id=399\" \/>\n<meta property=\"og:locale\" content=\"de_DE\" \/>\n<meta property=\"og:type\" content=\"article\" \/>\n<meta property=\"og:title\" content=\"PRAXISPHILOSOPHIE - Kieferorthop\u00e4die Seelscheid\" \/>\n<meta property=\"og:description\" content=\"Ihr Lachen liegt uns am HerzenEs ist selbstverst\u00e4ndlich, dass wir deshalb f\u00fcr jeden Patienten ausreichend Zeit f\u00fcr ein beratendes Gespr\u00e4ch einplanen. Die individuellen Bed\u00fcrfnisse unserer Patienten stehen bei diesem Beratungsgespr\u00e4ch im Mittelpunkt. Es ist immer ausreichend Zeit vorhanden, all Ihre Fragen zu beantworten und auf eventuelle Anliegen oder Sorgen einzugehen. Informierte PatientenEs ist uns wichtig,&hellip;&nbsp;Weiterlesen &raquo;PRAXISPHILOSOPHIE\" \/>\n<meta property=\"og:url\" content=\"https:\/\/kfoseelscheid.de\/?page_id=399\" \/>\n<meta property=\"og:site_name\" content=\"Kieferorthop\u00e4die Seelscheid\" \/>\n<meta property=\"article:modified_time\" content=\"2022-10-11T08:38:30+00:00\" \/>\n<meta property=\"og:image\" content=\"https:\/\/kfoseelscheid.de\/wp-content\/uploads\/2016\/10\/Praxisphilosophie-300x200.jpg\" \/>\n<meta name=\"twitter:card\" content=\"summary_large_image\" \/>\n<meta name=\"twitter:label1\" content=\"Gesch\u00e4tzte Lesezeit\" \/>\n\t<meta name=\"twitter:data1\" content=\"1\u00a0Minute\" \/>\n<script type=\"application\/ld+json\" class=\"yoast-schema-graph\">{\"@context\":\"https:\\\/\\\/schema.org\",\"@graph\":[{\"@type\":\"WebPage\",\"@id\":\"https:\\\/\\\/kfoseelscheid.de\\\/?page_id=399\",\"url\":\"https:\\\/\\\/kfoseelscheid.de\\\/?page_id=399\",\"name\":\"PRAXISPHILOSOPHIE - Kieferorthop\u00e4die Seelscheid\",\"isPartOf\":{\"@id\":\"https:\\\/\\\/kfoseelscheid.de\\\/#website\"},\"primaryImageOfPage\":{\"@id\":\"https:\\\/\\\/kfoseelscheid.de\\\/?page_id=399#primaryimage\"},\"image\":{\"@id\":\"https:\\\/\\\/kfoseelscheid.de\\\/?page_id=399#primaryimage\"},\"thumbnailUrl\":\"https:\\\/\\\/kfoseelscheid.de\\\/wp-content\\\/uploads\\\/2016\\\/10\\\/Praxisphilosophie-300x200.jpg\",\"datePublished\":\"2022-10-11T08:38:29+00:00\",\"dateModified\":\"2022-10-11T08:38:30+00:00\",\"breadcrumb\":{\"@id\":\"https:\\\/\\\/kfoseelscheid.de\\\/?page_id=399#breadcrumb\"},\"inLanguage\":\"de\",\"potentialAction\":[{\"@type\":\"ReadAction\",\"target\":[\"https:\\\/\\\/kfoseelscheid.de\\\/?page_id=399\"]}]},{\"@type\":\"ImageObject\",\"inLanguage\":\"de\",\"@id\":\"https:\\\/\\\/kfoseelscheid.de\\\/?page_id=399#primaryimage\",\"url\":\"https:\\\/\\\/kfoseelscheid.de\\\/wp-content\\\/uploads\\\/2016\\\/10\\\/Praxisphilosophie-300x200.jpg\",\"contentUrl\":\"https:\\\/\\\/kfoseelscheid.de\\\/wp-content\\\/uploads\\\/2016\\\/10\\\/Praxisphilosophie-300x200.jpg\"},{\"@type\":\"BreadcrumbList\",\"@id\":\"https:\\\/\\\/kfoseelscheid.de\\\/?page_id=399#breadcrumb\",\"itemListElement\":[{\"@type\":\"ListItem\",\"position\":1,\"name\":\"Start\",\"item\":\"https:\\\/\\\/kfoseelscheid.de\\\/\"},{\"@type\":\"ListItem\",\"position\":2,\"name\":\"PRAXISPHILOSOPHIE\"}]},{\"@type\":\"WebSite\",\"@id\":\"https:\\\/\\\/kfoseelscheid.de\\\/#website\",\"url\":\"https:\\\/\\\/kfoseelscheid.de\\\/\",\"name\":\"Kieferorthop\u00e4die Seelscheid\",\"description\":\"Kieferorthop\u00e4die in Seelscheid\",\"publisher\":{\"@id\":\"https:\\\/\\\/kfoseelscheid.de\\\/#organization\"},\"potentialAction\":[{\"@type\":\"SearchAction\",\"target\":{\"@type\":\"EntryPoint\",\"urlTemplate\":\"https:\\\/\\\/kfoseelscheid.de\\\/?s={search_term_string}\"},\"query-input\":{\"@type\":\"PropertyValueSpecification\",\"valueRequired\":true,\"valueName\":\"search_term_string\"}}],\"inLanguage\":\"de\"},{\"@type\":\"Organization\",\"@id\":\"https:\\\/\\\/kfoseelscheid.de\\\/#organization\",\"name\":\"Kieferorthop\u00e4die Seelscheid\",\"url\":\"https:\\\/\\\/kfoseelscheid.de\\\/\",\"logo\":{\"@type\":\"ImageObject\",\"inLanguage\":\"de\",\"@id\":\"https:\\\/\\\/kfoseelscheid.de\\\/#\\\/schema\\\/logo\\\/image\\\/\",\"url\":\"https:\\\/\\\/kfoseelscheid.de\\\/wp-content\\\/uploads\\\/2020\\\/12\\\/web-agency-logo-3.png\",\"contentUrl\":\"https:\\\/\\\/kfoseelscheid.de\\\/wp-content\\\/uploads\\\/2020\\\/12\\\/web-agency-logo-3.png\",\"width\":200,\"height\":200,\"caption\":\"Kieferorthop\u00e4die Seelscheid\"},\"image\":{\"@id\":\"https:\\\/\\\/kfoseelscheid.de\\\/#\\\/schema\\\/logo\\\/image\\\/\"}}]}<\/script>\n<!-- \/ Yoast SEO plugin. -->","yoast_head_json":{"title":"PRAXISPHILOSOPHIE - Kieferorthop\u00e4die Seelscheid","robots":{"index":"index","follow":"follow","max-snippet":"max-snippet:-1","max-image-preview":"max-image-preview:large","max-video-preview":"max-video-preview:-1"},"canonical":"https:\/\/kfoseelscheid.de\/?page_id=399","og_locale":"de_DE","og_type":"article","og_title":"PRAXISPHILOSOPHIE - Kieferorthop\u00e4die Seelscheid","og_description":"Ihr Lachen liegt uns am HerzenEs ist selbstverst\u00e4ndlich, dass wir deshalb f\u00fcr jeden Patienten ausreichend Zeit f\u00fcr ein beratendes Gespr\u00e4ch einplanen. Die individuellen Bed\u00fcrfnisse unserer Patienten stehen bei diesem Beratungsgespr\u00e4ch im Mittelpunkt. Es ist immer ausreichend Zeit vorhanden, all Ihre Fragen zu beantworten und auf eventuelle Anliegen oder Sorgen einzugehen. Informierte PatientenEs ist uns wichtig,&hellip;&nbsp;Weiterlesen &raquo;PRAXISPHILOSOPHIE","og_url":"https:\/\/kfoseelscheid.de\/?page_id=399","og_site_name":"Kieferorthop\u00e4die Seelscheid","article_modified_time":"2022-10-11T08:38:30+00:00","og_image":[{"url":"https:\/\/kfoseelscheid.de\/wp-content\/uploads\/2016\/10\/Praxisphilosophie-300x200.jpg","type":"","width":"","height":""}],"twitter_card":"summary_large_image","twitter_misc":{"Gesch\u00e4tzte Lesezeit":"1\u00a0Minute"},"schema":{"@context":"https:\/\/schema.org","@graph":[{"@type":"WebPage","@id":"https:\/\/kfoseelscheid.de\/?page_id=399","url":"https:\/\/kfoseelscheid.de\/?page_id=399","name":"PRAXISPHILOSOPHIE - Kieferorthop\u00e4die Seelscheid","isPartOf":{"@id":"https:\/\/kfoseelscheid.de\/#website"},"primaryImageOfPage":{"@id":"https:\/\/kfoseelscheid.de\/?page_id=399#primaryimage"},"image":{"@id":"https:\/\/kfoseelscheid.de\/?page_id=399#primaryimage"},"thumbnailUrl":"https:\/\/kfoseelscheid.de\/wp-content\/uploads\/2016\/10\/Praxisphilosophie-300x200.jpg","datePublished":"2022-10-11T08:38:29+00:00","dateModified":"2022-10-11T08:38:30+00:00","breadcrumb":{"@id":"https:\/\/kfoseelscheid.de\/?page_id=399#breadcrumb"},"inLanguage":"de","potentialAction":[{"@type":"ReadAction","target":["https:\/\/kfoseelscheid.de\/?page_id=399"]}]},{"@type":"ImageObject","inLanguage":"de","@id":"https:\/\/kfoseelscheid.de\/?page_id=399#primaryimage","url":"https:\/\/kfoseelscheid.de\/wp-content\/uploads\/2016\/10\/Praxisphilosophie-300x200.jpg","contentUrl":"https:\/\/kfoseelscheid.de\/wp-content\/uploads\/2016\/10\/Praxisphilosophie-300x200.jpg"},{"@type":"BreadcrumbList","@id":"https:\/\/kfoseelscheid.de\/?page_id=399#breadcrumb","itemListElement":[{"@type":"ListItem","position":1,"name":"Start","item":"https:\/\/kfoseelscheid.de\/"},{"@type":"ListItem","position":2,"name":"PRAXISPHILOSOPHIE"}]},{"@type":"WebSite","@id":"https:\/\/kfoseelscheid.de\/#website","url":"https:\/\/kfoseelscheid.de\/","name":"Kieferorthop\u00e4die Seelscheid","description":"Kieferorthop\u00e4die in Seelscheid","publisher":{"@id":"https:\/\/kfoseelscheid.de\/#organization"},"potentialAction":[{"@type":"SearchAction","target":{"@type":"EntryPoint","urlTemplate":"https:\/\/kfoseelscheid.de\/?s={search_term_string}"},"query-input":{"@type":"PropertyValueSpecification","valueRequired":true,"valueName":"search_term_string"}}],"inLanguage":"de"},{"@type":"Organization","@id":"https:\/\/kfoseelscheid.de\/#organization","name":"Kieferorthop\u00e4die Seelscheid","url":"https:\/\/kfoseelscheid.de\/","logo":{"@type":"ImageObject","inLanguage":"de","@id":"https:\/\/kfoseelscheid.de\/#\/schema\/logo\/image\/","url":"https:\/\/kfoseelscheid.de\/wp-content\/uploads\/2020\/12\/web-agency-logo-3.png","contentUrl":"https:\/\/kfoseelscheid.de\/wp-content\/uploads\/2020\/12\/web-agency-logo-3.png","width":200,"height":200,"caption":"Kieferorthop\u00e4die Seelscheid"},"image":{"@id":"https:\/\/kfoseelscheid.de\/#\/schema\/logo\/image\/"}}]}},"_links":{"self":[{"href":"https:\/\/kfoseelscheid.de\/index.php?rest_route=\/wp\/v2\/pages\/399","targetHints":{"allow":["GET"]}}],"collection":[{"href":"https:\/\/kfoseelscheid.de\/index.php?rest_route=\/wp\/v2\/pages"}],"about":[{"href":"https:\/\/kfoseelscheid.de\/index.php?rest_route=\/wp\/v2\/types\/page"}],"author":[{"embeddable":true,"href":"https:\/\/kfoseelscheid.de\/index.php?rest_route=\/wp\/v2\/users\/1"}],"replies":[{"embeddable":true,"href":"https:\/\/kfoseelscheid.de\/index.php?rest_route=%2Fwp%2Fv2%2Fcomments&post=399"}],"version-history":[{"count":1,"href":"https:\/\/kfoseelscheid.de\/index.php?rest_route=\/wp\/v2\/pages\/399\/revisions"}],"predecessor-version":[{"id":400,"href":"https:\/\/kfoseelscheid.de\/index.php?rest_route=\/wp\/v2\/pages\/399\/revisions\/400"}],"wp:attachment":[{"href":"https:\/\/kfoseelscheid.de\/index.php?rest_route=%2Fwp%2Fv2%2Fmedia&parent=399"}],"curies":[{"name":"wp","href":"https:\/\/api.w.org\/{rel}","templated":true}]}}